{"id":63660,"date":"2026-03-26T00:19:45","date_gmt":"2026-03-25T22:19:45","guid":{"rendered":"https:\/\/rezekne.citro.lv\/veikals\/sirups-ar-avenu-garsu-320ml-spilva\/"},"modified":"2026-04-09T06:03:13","modified_gmt":"2026-04-09T03:03:13","slug":"sirups-ar-avenu-garsu-320ml-spilva","status":"publish","type":"product","link":"https:\/\/rezekne.citro.lv\/ru\/product\/sirups-ar-avenu-garsu-320ml-spilva\/","title":{"rendered":"S\u012aRUPS AR AVE\u0145U GAR\u0160U 320ML SPILVA"},"content":{"rendered":"<p>Izcelsmes valsts: Latvija<\/p>\n","protected":false},"excerpt":{"rendered":"<p>3.72 \u20ac\/L<\/p>\n","protected":false},"featured_media":65041,"template":"","meta":{"_acf_changed":false,"inline_featured_image":false},"product_cat":[103,193],"product_tag":[],"acf":[],"aioseo_notices":[],"_links":{"self":[{"href":"https:\/\/rezekne.citro.lv\/ru\/wp-json\/wp\/v2\/product\/63660"}],"collection":[{"href":"https:\/\/rezekne.citro.lv\/ru\/wp-json\/wp\/v2\/product"}],"about":[{"href":"https:\/\/rezekne.citro.lv\/ru\/wp-json\/wp\/v2\/types\/product"}],"wp:featuredmedia":[{"embeddable":true,"href":"https:\/\/rezekne.citro.lv\/ru\/wp-json\/wp\/v2\/media\/65041"}],"wp:attachment":[{"href":"https:\/\/rezekne.citro.lv\/ru\/wp-json\/wp\/v2\/media?parent=63660"}],"wp:term":[{"taxonomy":"product_cat","embeddable":true,"href":"https:\/\/rezekne.citro.lv\/ru\/wp-json\/wp\/v2\/product_cat?post=63660"},{"taxonomy":"product_tag","embeddable":true,"href":"https:\/\/rezekne.citro.lv\/ru\/wp-json\/wp\/v2\/product_tag?post=63660"}],"curies":[{"name":"wp","href":"https:\/\/api.w.org\/{rel}","templated":true}]}}