{"id":63670,"date":"2026-05-07T00:04:28","date_gmt":"2026-05-06T21:04:28","guid":{"rendered":"https:\/\/rezekne.citro.lv\/veikals\/siers-kausetais-valio-ar-krabju-garsu-nujinam-185g\/"},"modified":"2026-05-17T06:02:43","modified_gmt":"2026-05-17T03:02:43","slug":"siers-kausetais-valio-ar-krabju-garsu-nujinam-185g","status":"publish","type":"product","link":"https:\/\/rezekne.citro.lv\/ru\/product\/siers-kausetais-valio-ar-krabju-garsu-nujinam-185g\/","title":{"rendered":"SIERS KAUS\u0112TAIS VALIO AR KRABJU GAR\u0160U N\u016aJI\u0145\u0100M 185G"},"content":{"rendered":"<p>Izcelsmes valsts: Igaunija<\/p>\n","protected":false},"excerpt":{"rendered":"<p>7.51 \u20ac\/KG<\/p>\n","protected":false},"featured_media":94692,"template":"","meta":{"_acf_changed":false,"inline_featured_image":false},"product_cat":[95,535],"product_tag":[],"acf":[],"aioseo_notices":[],"_links":{"self":[{"href":"https:\/\/rezekne.citro.lv\/ru\/wp-json\/wp\/v2\/product\/63670"}],"collection":[{"href":"https:\/\/rezekne.citro.lv\/ru\/wp-json\/wp\/v2\/product"}],"about":[{"href":"https:\/\/rezekne.citro.lv\/ru\/wp-json\/wp\/v2\/types\/product"}],"wp:featuredmedia":[{"embeddable":true,"href":"https:\/\/rezekne.citro.lv\/ru\/wp-json\/wp\/v2\/media\/94692"}],"wp:attachment":[{"href":"https:\/\/rezekne.citro.lv\/ru\/wp-json\/wp\/v2\/media?parent=63670"}],"wp:term":[{"taxonomy":"product_cat","embeddable":true,"href":"https:\/\/rezekne.citro.lv\/ru\/wp-json\/wp\/v2\/product_cat?post=63670"},{"taxonomy":"product_tag","embeddable":true,"href":"https:\/\/rezekne.citro.lv\/ru\/wp-json\/wp\/v2\/product_tag?post=63670"}],"curies":[{"name":"wp","href":"https:\/\/api.w.org\/{rel}","templated":true}]}}