{"id":63672,"date":"2026-03-26T00:19:45","date_gmt":"2026-03-25T22:19:45","guid":{"rendered":"https:\/\/rezekne.citro.lv\/veikals\/ananasu-skeles-sirupa-580g-565g\/"},"modified":"2026-04-09T06:03:14","modified_gmt":"2026-04-09T03:03:14","slug":"ananasu-skeles-sirupa-580g-565g","status":"publish","type":"product","link":"https:\/\/rezekne.citro.lv\/ru\/product\/ananasu-skeles-sirupa-580g-565g\/","title":{"rendered":"ANAN\u0100SU \u0160\u0136\u0112LES S\u012aRUP\u0100 580G\/565G"},"content":{"rendered":"<p>Izcelsmes valsts: Vjetnama<\/p>\n","protected":false},"excerpt":{"rendered":"<p>6.86 \u20ac\/KG<\/p>\n","protected":false},"featured_media":92070,"template":"","meta":{"_acf_changed":false,"inline_featured_image":false},"product_cat":[103,193],"product_tag":[],"acf":[],"aioseo_notices":[],"_links":{"self":[{"href":"https:\/\/rezekne.citro.lv\/ru\/wp-json\/wp\/v2\/product\/63672"}],"collection":[{"href":"https:\/\/rezekne.citro.lv\/ru\/wp-json\/wp\/v2\/product"}],"about":[{"href":"https:\/\/rezekne.citro.lv\/ru\/wp-json\/wp\/v2\/types\/product"}],"wp:featuredmedia":[{"embeddable":true,"href":"https:\/\/rezekne.citro.lv\/ru\/wp-json\/wp\/v2\/media\/92070"}],"wp:attachment":[{"href":"https:\/\/rezekne.citro.lv\/ru\/wp-json\/wp\/v2\/media?parent=63672"}],"wp:term":[{"taxonomy":"product_cat","embeddable":true,"href":"https:\/\/rezekne.citro.lv\/ru\/wp-json\/wp\/v2\/product_cat?post=63672"},{"taxonomy":"product_tag","embeddable":true,"href":"https:\/\/rezekne.citro.lv\/ru\/wp-json\/wp\/v2\/product_tag?post=63672"}],"curies":[{"name":"wp","href":"https:\/\/api.w.org\/{rel}","templated":true}]}}