{"id":63796,"date":"2025-12-04T00:05:14","date_gmt":"2025-12-03T22:05:14","guid":{"rendered":"https:\/\/rezekne.citro.lv\/veikals\/limonade-zvanins-1-5l\/"},"modified":"2026-04-19T06:01:45","modified_gmt":"2026-04-19T03:01:45","slug":"limonade-zvanins-1-5l","status":"publish","type":"product","link":"https:\/\/rezekne.citro.lv\/ru\/product\/limonade-zvanins-1-5l\/","title":{"rendered":"LIMON\u0100DE ZVANI\u0145\u0160 1.5L"},"content":{"rendered":"<p>Izcelsmes valsts: Latvija<\/p>\n","protected":false},"excerpt":{"rendered":"<p>0.93 \u20ac\/L<\/p>\n","protected":false},"featured_media":76534,"template":"","meta":{"_acf_changed":false,"inline_featured_image":false},"product_cat":[106,107],"product_tag":[],"acf":[],"aioseo_notices":[],"_links":{"self":[{"href":"https:\/\/rezekne.citro.lv\/ru\/wp-json\/wp\/v2\/product\/63796"}],"collection":[{"href":"https:\/\/rezekne.citro.lv\/ru\/wp-json\/wp\/v2\/product"}],"about":[{"href":"https:\/\/rezekne.citro.lv\/ru\/wp-json\/wp\/v2\/types\/product"}],"wp:featuredmedia":[{"embeddable":true,"href":"https:\/\/rezekne.citro.lv\/ru\/wp-json\/wp\/v2\/media\/76534"}],"wp:attachment":[{"href":"https:\/\/rezekne.citro.lv\/ru\/wp-json\/wp\/v2\/media?parent=63796"}],"wp:term":[{"taxonomy":"product_cat","embeddable":true,"href":"https:\/\/rezekne.citro.lv\/ru\/wp-json\/wp\/v2\/product_cat?post=63796"},{"taxonomy":"product_tag","embeddable":true,"href":"https:\/\/rezekne.citro.lv\/ru\/wp-json\/wp\/v2\/product_tag?post=63796"}],"curies":[{"name":"wp","href":"https:\/\/api.w.org\/{rel}","templated":true}]}}