{"id":63892,"date":"2026-03-26T00:19:45","date_gmt":"2026-03-25T22:19:45","guid":{"rendered":"https:\/\/rezekne.citro.lv\/veikals\/cepumi-krekeri-salie-ar-sviesta-garsu-petergailis-70g\/"},"modified":"2026-04-04T06:03:21","modified_gmt":"2026-04-04T03:03:21","slug":"cepumi-krekeri-salie-ar-sviesta-garsu-petergailis-70g","status":"publish","type":"product","link":"https:\/\/rezekne.citro.lv\/ru\/product\/cepumi-krekeri-salie-ar-sviesta-garsu-petergailis-70g\/","title":{"rendered":"CEPUMI KREKERI S\u0100\u013bIE KLASIKA P\u0112TERGAILIS 70G"},"content":{"rendered":"<p>Izcelsmes valsts: Lietuva<\/p>\n","protected":false},"excerpt":{"rendered":"<p>9.29 \u20ac\/KG<\/p>\n","protected":false},"featured_media":64350,"template":"","meta":{"_acf_changed":false,"inline_featured_image":false},"product_cat":[125,139],"product_tag":[],"acf":[],"aioseo_notices":[],"_links":{"self":[{"href":"https:\/\/rezekne.citro.lv\/ru\/wp-json\/wp\/v2\/product\/63892"}],"collection":[{"href":"https:\/\/rezekne.citro.lv\/ru\/wp-json\/wp\/v2\/product"}],"about":[{"href":"https:\/\/rezekne.citro.lv\/ru\/wp-json\/wp\/v2\/types\/product"}],"wp:featuredmedia":[{"embeddable":true,"href":"https:\/\/rezekne.citro.lv\/ru\/wp-json\/wp\/v2\/media\/64350"}],"wp:attachment":[{"href":"https:\/\/rezekne.citro.lv\/ru\/wp-json\/wp\/v2\/media?parent=63892"}],"wp:term":[{"taxonomy":"product_cat","embeddable":true,"href":"https:\/\/rezekne.citro.lv\/ru\/wp-json\/wp\/v2\/product_cat?post=63892"},{"taxonomy":"product_tag","embeddable":true,"href":"https:\/\/rezekne.citro.lv\/ru\/wp-json\/wp\/v2\/product_tag?post=63892"}],"curies":[{"name":"wp","href":"https:\/\/api.w.org\/{rel}","templated":true}]}}