{"id":63893,"date":"2026-03-26T00:19:45","date_gmt":"2026-03-25T22:19:45","guid":{"rendered":"https:\/\/rezekne.citro.lv\/veikals\/konfektes-jelly-zelejas-roshen-kg\/"},"modified":"2026-04-04T06:03:22","modified_gmt":"2026-04-04T03:03:22","slug":"konfektes-jelly-zelejas-roshen-kg","status":"publish","type":"product","link":"https:\/\/rezekne.citro.lv\/ru\/product\/konfektes-jelly-zelejas-roshen-kg\/","title":{"rendered":"KONFEKTES JELLY \u017dELEJAS ROSHEN KG"},"content":{"rendered":"<p>Izcelsmes valsts: Ukraina<br \/>Sast\u0101vsglikozes s\u012brups,cukurs,glikozes-fruktozes s\u012brups,mitruma uzt.:sorb\u012bta s\u012brups,recin\u0101t;pekt\u012bns koncent.\u0101bolu sula 0.9%,sk\u0101b.regul:piensk\u0101be,citronsk\u0101be,;aromat.kr\u0101svielas:antociqani\u0146i,kurkumins,paprikas ekstrakts.PRODUKTS VAR SATUR\u0112T L\u012aPEK\u013bA(NO KVIE\u0160IEM),OLU PRODUKTU,PIENA PRODUKTU,LAZDU RIEKSTU,MANDE\u013bU,ZEMESRIEKSTUUN SEZAMA S\u0112KLU DA\u013bI\u0145AS.Bumbieru,citronu,\u0101bolu,ave\u0146u,apels\u012bnu,zeme\u0146u gar\u0161a.<\/p>\n","protected":false},"excerpt":{"rendered":"<p>5.79 \u20ac\/KG<\/p>\n","protected":false},"featured_media":64348,"template":"","meta":{"_acf_changed":false,"inline_featured_image":false},"product_cat":[125,201],"product_tag":[],"acf":[],"aioseo_notices":[],"_links":{"self":[{"href":"https:\/\/rezekne.citro.lv\/ru\/wp-json\/wp\/v2\/product\/63893"}],"collection":[{"href":"https:\/\/rezekne.citro.lv\/ru\/wp-json\/wp\/v2\/product"}],"about":[{"href":"https:\/\/rezekne.citro.lv\/ru\/wp-json\/wp\/v2\/types\/product"}],"wp:featuredmedia":[{"embeddable":true,"href":"https:\/\/rezekne.citro.lv\/ru\/wp-json\/wp\/v2\/media\/64348"}],"wp:attachment":[{"href":"https:\/\/rezekne.citro.lv\/ru\/wp-json\/wp\/v2\/media?parent=63893"}],"wp:term":[{"taxonomy":"product_cat","embeddable":true,"href":"https:\/\/rezekne.citro.lv\/ru\/wp-json\/wp\/v2\/product_cat?post=63893"},{"taxonomy":"product_tag","embeddable":true,"href":"https:\/\/rezekne.citro.lv\/ru\/wp-json\/wp\/v2\/product_tag?post=63893"}],"curies":[{"name":"wp","href":"https:\/\/api.w.org\/{rel}","templated":true}]}}