{"id":63905,"date":"2026-04-23T00:30:46","date_gmt":"2026-04-22T21:30:46","guid":{"rendered":"https:\/\/rezekne.citro.lv\/veikals\/cepumi-krekeri-ar-krejuma-un-sipolu-garsu-petergailis-72g\/"},"modified":"2026-05-01T09:00:27","modified_gmt":"2026-05-01T06:00:27","slug":"cepumi-krekeri-ar-krejuma-un-sipolu-garsu-petergailis-72g","status":"publish","type":"product","link":"https:\/\/rezekne.citro.lv\/ru\/product\/cepumi-krekeri-ar-krejuma-un-sipolu-garsu-petergailis-72g\/","title":{"rendered":"CEPUMI KREKERI AR KR\u0112JUMA UN S\u012aPOLU GAR\u0160U P\u0112TERGAILIS 72G"},"content":{"rendered":"<p>Izcelsmes valsts: Lietuva<\/p>\n","protected":false},"excerpt":{"rendered":"<p>12.36 \u20ac\/KG<\/p>\n","protected":false},"featured_media":64335,"template":"","meta":{"_acf_changed":false,"inline_featured_image":false},"product_cat":[125,139],"product_tag":[],"acf":[],"aioseo_notices":[],"_links":{"self":[{"href":"https:\/\/rezekne.citro.lv\/ru\/wp-json\/wp\/v2\/product\/63905"}],"collection":[{"href":"https:\/\/rezekne.citro.lv\/ru\/wp-json\/wp\/v2\/product"}],"about":[{"href":"https:\/\/rezekne.citro.lv\/ru\/wp-json\/wp\/v2\/types\/product"}],"wp:featuredmedia":[{"embeddable":true,"href":"https:\/\/rezekne.citro.lv\/ru\/wp-json\/wp\/v2\/media\/64335"}],"wp:attachment":[{"href":"https:\/\/rezekne.citro.lv\/ru\/wp-json\/wp\/v2\/media?parent=63905"}],"wp:term":[{"taxonomy":"product_cat","embeddable":true,"href":"https:\/\/rezekne.citro.lv\/ru\/wp-json\/wp\/v2\/product_cat?post=63905"},{"taxonomy":"product_tag","embeddable":true,"href":"https:\/\/rezekne.citro.lv\/ru\/wp-json\/wp\/v2\/product_tag?post=63905"}],"curies":[{"name":"wp","href":"https:\/\/api.w.org\/{rel}","templated":true}]}}