{"id":64023,"date":"2024-08-27T11:10:49","date_gmt":"2024-08-27T08:10:49","guid":{"rendered":"https:\/\/rezekne.citro.lv\/veikals\/desa-varita-doktora-premium-ar-speki-700g\/"},"modified":"2026-04-12T06:04:44","modified_gmt":"2026-04-12T03:04:44","slug":"desa-varita-doktora-premium-ar-speki-700g","status":"publish","type":"product","link":"https:\/\/rezekne.citro.lv\/ru\/product\/desa-varita-doktora-premium-ar-speki-700g\/","title":{"rendered":"DESA V\u0100R\u012aTA DOKTORA PREMIUM AR SPE\u0136I 700G"},"content":{"rendered":"<p>Izcelsmes valsts: Lietuva<\/p>\n","protected":false},"excerpt":{"rendered":"<p>5.99 \u20ac\/KG<\/p>\n","protected":false},"featured_media":64241,"template":"","meta":{"_acf_changed":false,"inline_featured_image":false},"product_cat":[135,144],"product_tag":[],"acf":[],"aioseo_notices":[],"_links":{"self":[{"href":"https:\/\/rezekne.citro.lv\/ru\/wp-json\/wp\/v2\/product\/64023"}],"collection":[{"href":"https:\/\/rezekne.citro.lv\/ru\/wp-json\/wp\/v2\/product"}],"about":[{"href":"https:\/\/rezekne.citro.lv\/ru\/wp-json\/wp\/v2\/types\/product"}],"wp:featuredmedia":[{"embeddable":true,"href":"https:\/\/rezekne.citro.lv\/ru\/wp-json\/wp\/v2\/media\/64241"}],"wp:attachment":[{"href":"https:\/\/rezekne.citro.lv\/ru\/wp-json\/wp\/v2\/media?parent=64023"}],"wp:term":[{"taxonomy":"product_cat","embeddable":true,"href":"https:\/\/rezekne.citro.lv\/ru\/wp-json\/wp\/v2\/product_cat?post=64023"},{"taxonomy":"product_tag","embeddable":true,"href":"https:\/\/rezekne.citro.lv\/ru\/wp-json\/wp\/v2\/product_tag?post=64023"}],"curies":[{"name":"wp","href":"https:\/\/api.w.org\/{rel}","templated":true}]}}