{"id":64126,"date":"2026-04-23T00:15:18","date_gmt":"2026-04-22T21:15:18","guid":{"rendered":"https:\/\/rezekne.citro.lv\/veikals\/saldejums-pols-plombira-sok-glazura-120ml\/"},"modified":"2026-05-15T06:01:22","modified_gmt":"2026-05-15T03:01:22","slug":"saldejums-pols-plombira-sok-glazura-120ml","status":"publish","type":"product","link":"https:\/\/rezekne.citro.lv\/ru\/product\/saldejums-pols-plombira-sok-glazura-120ml\/","title":{"rendered":"SALD\u0112JUMS POLS PLOMB\u012aRA \u0160OK. GLAZ\u016aR\u0100 120ML"},"content":{"rendered":"<p>Izcelsmes valsts: Latvija<\/p>\n","protected":false},"excerpt":{"rendered":"<p>9.92 \u20ac\/KG<\/p>\n","protected":false},"featured_media":64287,"template":"","meta":{"_acf_changed":false,"inline_featured_image":false},"product_cat":[233,234],"product_tag":[],"acf":[],"aioseo_notices":[],"_links":{"self":[{"href":"https:\/\/rezekne.citro.lv\/ru\/wp-json\/wp\/v2\/product\/64126"}],"collection":[{"href":"https:\/\/rezekne.citro.lv\/ru\/wp-json\/wp\/v2\/product"}],"about":[{"href":"https:\/\/rezekne.citro.lv\/ru\/wp-json\/wp\/v2\/types\/product"}],"wp:featuredmedia":[{"embeddable":true,"href":"https:\/\/rezekne.citro.lv\/ru\/wp-json\/wp\/v2\/media\/64287"}],"wp:attachment":[{"href":"https:\/\/rezekne.citro.lv\/ru\/wp-json\/wp\/v2\/media?parent=64126"}],"wp:term":[{"taxonomy":"product_cat","embeddable":true,"href":"https:\/\/rezekne.citro.lv\/ru\/wp-json\/wp\/v2\/product_cat?post=64126"},{"taxonomy":"product_tag","embeddable":true,"href":"https:\/\/rezekne.citro.lv\/ru\/wp-json\/wp\/v2\/product_tag?post=64126"}],"curies":[{"name":"wp","href":"https:\/\/api.w.org\/{rel}","templated":true}]}}