{"id":64135,"date":"2026-04-09T00:06:39","date_gmt":"2026-04-08T21:06:39","guid":{"rendered":"https:\/\/rezekne.citro.lv\/veikals\/vistas-pussparni-citrona-ingvera-marinade-marinlade-kg-kgs\/"},"modified":"2026-04-17T06:00:32","modified_gmt":"2026-04-17T03:00:32","slug":"vistas-pussparni-citrona-ingvera-marinade-marinlade-kg-kgs","status":"publish","type":"product","link":"https:\/\/rezekne.citro.lv\/ru\/product\/vistas-pussparni-citrona-ingvera-marinade-marinlade-kg-kgs\/","title":{"rendered":"VISTAS PUSSP\u0100RNI CITRONA-INGVERA MARIN\u0100D\u0112 MARINL\u0100DE KG KGS"},"content":{"rendered":"<p>Izcelsmes valsts: Latvija<\/p>\n","protected":false},"excerpt":{"rendered":"<p>3.99 \u20ac\/KG<\/p>\n","protected":false},"featured_media":64659,"template":"","meta":{"_acf_changed":false,"inline_featured_image":false},"product_cat":[135,182],"product_tag":[],"acf":[],"aioseo_notices":[],"_links":{"self":[{"href":"https:\/\/rezekne.citro.lv\/ru\/wp-json\/wp\/v2\/product\/64135"}],"collection":[{"href":"https:\/\/rezekne.citro.lv\/ru\/wp-json\/wp\/v2\/product"}],"about":[{"href":"https:\/\/rezekne.citro.lv\/ru\/wp-json\/wp\/v2\/types\/product"}],"wp:featuredmedia":[{"embeddable":true,"href":"https:\/\/rezekne.citro.lv\/ru\/wp-json\/wp\/v2\/media\/64659"}],"wp:attachment":[{"href":"https:\/\/rezekne.citro.lv\/ru\/wp-json\/wp\/v2\/media?parent=64135"}],"wp:term":[{"taxonomy":"product_cat","embeddable":true,"href":"https:\/\/rezekne.citro.lv\/ru\/wp-json\/wp\/v2\/product_cat?post=64135"},{"taxonomy":"product_tag","embeddable":true,"href":"https:\/\/rezekne.citro.lv\/ru\/wp-json\/wp\/v2\/product_tag?post=64135"}],"curies":[{"name":"wp","href":"https:\/\/api.w.org\/{rel}","templated":true}]}}