{"id":64140,"date":"2025-12-09T00:02:00","date_gmt":"2025-12-08T22:02:00","guid":{"rendered":"https:\/\/rezekne.citro.lv\/veikals\/konservi-pastete-tunca-azijas-gaume-125g\/"},"modified":"2026-03-04T06:02:32","modified_gmt":"2026-03-04T04:02:32","slug":"konservi-pastete-tunca-azijas-gaume-125g","status":"publish","type":"product","link":"https:\/\/rezekne.citro.lv\/ru\/product\/konservi-pastete-tunca-azijas-gaume-125g\/","title":{"rendered":"KONSERVI PAST\u0112TE TUN\u010cA \u0100ZIJAS GAUME 125G"},"content":{"rendered":"<p>Izcelsmes valsts: Latvija<\/p>\n","protected":false},"excerpt":{"rendered":"<p>18.32 \u20ac\/KG<\/p>\n","protected":false},"featured_media":64301,"template":"","meta":{"_acf_changed":false,"inline_featured_image":false},"product_cat":[135,136],"product_tag":[],"acf":[],"aioseo_notices":[],"_links":{"self":[{"href":"https:\/\/rezekne.citro.lv\/ru\/wp-json\/wp\/v2\/product\/64140"}],"collection":[{"href":"https:\/\/rezekne.citro.lv\/ru\/wp-json\/wp\/v2\/product"}],"about":[{"href":"https:\/\/rezekne.citro.lv\/ru\/wp-json\/wp\/v2\/types\/product"}],"wp:featuredmedia":[{"embeddable":true,"href":"https:\/\/rezekne.citro.lv\/ru\/wp-json\/wp\/v2\/media\/64301"}],"wp:attachment":[{"href":"https:\/\/rezekne.citro.lv\/ru\/wp-json\/wp\/v2\/media?parent=64140"}],"wp:term":[{"taxonomy":"product_cat","embeddable":true,"href":"https:\/\/rezekne.citro.lv\/ru\/wp-json\/wp\/v2\/product_cat?post=64140"},{"taxonomy":"product_tag","embeddable":true,"href":"https:\/\/rezekne.citro.lv\/ru\/wp-json\/wp\/v2\/product_tag?post=64140"}],"curies":[{"name":"wp","href":"https:\/\/api.w.org\/{rel}","templated":true}]}}