{"id":64145,"date":"2024-08-27T11:06:20","date_gmt":"2024-08-27T08:06:20","guid":{"rendered":"https:\/\/rezekne.citro.lv\/veikals\/limonade-klasiska-limonade-0-5l-cesu-alus\/"},"modified":"2026-04-10T06:02:52","modified_gmt":"2026-04-10T03:02:52","slug":"limonade-klasiska-limonade-0-5l-cesu-alus","status":"publish","type":"product","link":"https:\/\/rezekne.citro.lv\/ru\/product\/limonade-klasiska-limonade-0-5l-cesu-alus\/","title":{"rendered":"LIMON\u0100DE KLASISK\u0100 LIMON\u0100DE 0.5L C\u0112SU ALUS"},"content":{"rendered":"<p>Izcelsmes valsts: Latvija<\/p>\n","protected":false},"excerpt":{"rendered":"<p>1.38 \u20ac\/L<\/p>\n","protected":false},"featured_media":64263,"template":"","meta":{"_acf_changed":false,"inline_featured_image":false},"product_cat":[106,107],"product_tag":[],"acf":[],"aioseo_notices":[],"_links":{"self":[{"href":"https:\/\/rezekne.citro.lv\/ru\/wp-json\/wp\/v2\/product\/64145"}],"collection":[{"href":"https:\/\/rezekne.citro.lv\/ru\/wp-json\/wp\/v2\/product"}],"about":[{"href":"https:\/\/rezekne.citro.lv\/ru\/wp-json\/wp\/v2\/types\/product"}],"wp:featuredmedia":[{"embeddable":true,"href":"https:\/\/rezekne.citro.lv\/ru\/wp-json\/wp\/v2\/media\/64263"}],"wp:attachment":[{"href":"https:\/\/rezekne.citro.lv\/ru\/wp-json\/wp\/v2\/media?parent=64145"}],"wp:term":[{"taxonomy":"product_cat","embeddable":true,"href":"https:\/\/rezekne.citro.lv\/ru\/wp-json\/wp\/v2\/product_cat?post=64145"},{"taxonomy":"product_tag","embeddable":true,"href":"https:\/\/rezekne.citro.lv\/ru\/wp-json\/wp\/v2\/product_tag?post=64145"}],"curies":[{"name":"wp","href":"https:\/\/api.w.org\/{rel}","templated":true}]}}