{"id":64147,"date":"2026-02-12T00:04:17","date_gmt":"2026-02-11T22:04:17","guid":{"rendered":"https:\/\/rezekne.citro.lv\/veikals\/grauzdini-zupam-un-salatiem-citro-150g\/"},"modified":"2026-04-04T06:03:23","modified_gmt":"2026-04-04T03:03:23","slug":"grauzdini-zupam-un-salatiem-citro-150g","status":"publish","type":"product","link":"https:\/\/rezekne.citro.lv\/ru\/product\/grauzdini-zupam-un-salatiem-citro-150g\/","title":{"rendered":"GRAUZDI\u0145I ZUP\u0100M UN SAL\u0100TIEM CITRO 150G"},"content":{"rendered":"<p>Izcelsmes valsts: Latvija<br \/>Sast\u0101vda\u013cas: kvie\u0161u formas maize 88% ((milti KVIE\u0160U 62.5%, \u016bdens dzeramais, cukurs, rap\u0161u e\u013c\u013ca, s\u0101ls, svaigs maizes raugs, uzlabot\u0101js ((RUDZU milti, KVIE\u0160U milti, miltu apstr\u0101des l\u012bdzeklis: E300, fermenti, inaktiv\u0113ts raugs,KVIE\u0160U ciete)):saulespu\u0137u e\u013c\u013ca rafin\u0113ta, \u0137ikloki, baziliks ,  s\u0101ls, Uzglab\u0101\u0161anas temperat\u016bra +20+25C Inform\u0101cija par uzturv\u0113rt\u012bbu : 100 g produkta satur: ener\u0123\u0113tisk\u0101 v\u0113rt\u012bba 1158 kJ \/ 275kcal; tauki 7.3g, tostarp pies\u0101tin\u0101t\u0101s tauksk\u0101bes 0.7g; og\u013chidr\u0101ti 43.8g, tostarp cukuri 2g; \u0161\u0137iedrvielas 2.6g; olbaltumvielas 7.2g; s\u0101ls 0.9g.<\/p>\n","protected":false},"excerpt":{"rendered":"<p>8.60 \u20ac\/KG<\/p>\n","protected":false},"featured_media":73420,"template":"","meta":{"_acf_changed":false,"inline_featured_image":false},"product_cat":[113,566],"product_tag":[],"acf":[],"aioseo_notices":[],"_links":{"self":[{"href":"https:\/\/rezekne.citro.lv\/ru\/wp-json\/wp\/v2\/product\/64147"}],"collection":[{"href":"https:\/\/rezekne.citro.lv\/ru\/wp-json\/wp\/v2\/product"}],"about":[{"href":"https:\/\/rezekne.citro.lv\/ru\/wp-json\/wp\/v2\/types\/product"}],"wp:featuredmedia":[{"embeddable":true,"href":"https:\/\/rezekne.citro.lv\/ru\/wp-json\/wp\/v2\/media\/73420"}],"wp:attachment":[{"href":"https:\/\/rezekne.citro.lv\/ru\/wp-json\/wp\/v2\/media?parent=64147"}],"wp:term":[{"taxonomy":"product_cat","embeddable":true,"href":"https:\/\/rezekne.citro.lv\/ru\/wp-json\/wp\/v2\/product_cat?post=64147"},{"taxonomy":"product_tag","embeddable":true,"href":"https:\/\/rezekne.citro.lv\/ru\/wp-json\/wp\/v2\/product_tag?post=64147"}],"curies":[{"name":"wp","href":"https:\/\/api.w.org\/{rel}","templated":true}]}}