{"id":64153,"date":"2026-03-26T00:19:51","date_gmt":"2026-03-25T22:19:51","guid":{"rendered":"https:\/\/rezekne.citro.lv\/veikals\/pastete-tunca-ar-gabaliniem-vidusjuras-gaume-125g\/"},"modified":"2026-03-26T00:19:53","modified_gmt":"2026-03-25T22:19:53","slug":"pastete-tunca-ar-gabaliniem-vidusjuras-gaume-125g","status":"publish","type":"product","link":"https:\/\/rezekne.citro.lv\/ru\/product\/pastete-tunca-ar-gabaliniem-vidusjuras-gaume-125g\/","title":{"rendered":"PAST\u0112TE TUN\u010cA AR GABALI\u0145IEM VIDUSJ\u016aRAS GAUM\u0112 125G"},"content":{"rendered":"<p>Izcelsmes valsts: Latvija<\/p>\n","protected":false},"excerpt":{"rendered":"<p>18.32 \u20ac\/KG<\/p>\n","protected":false},"featured_media":64299,"template":"","meta":{"_acf_changed":false,"inline_featured_image":false},"product_cat":[135,136],"product_tag":[],"acf":[],"aioseo_notices":[],"_links":{"self":[{"href":"https:\/\/rezekne.citro.lv\/ru\/wp-json\/wp\/v2\/product\/64153"}],"collection":[{"href":"https:\/\/rezekne.citro.lv\/ru\/wp-json\/wp\/v2\/product"}],"about":[{"href":"https:\/\/rezekne.citro.lv\/ru\/wp-json\/wp\/v2\/types\/product"}],"wp:featuredmedia":[{"embeddable":true,"href":"https:\/\/rezekne.citro.lv\/ru\/wp-json\/wp\/v2\/media\/64299"}],"wp:attachment":[{"href":"https:\/\/rezekne.citro.lv\/ru\/wp-json\/wp\/v2\/media?parent=64153"}],"wp:term":[{"taxonomy":"product_cat","embeddable":true,"href":"https:\/\/rezekne.citro.lv\/ru\/wp-json\/wp\/v2\/product_cat?post=64153"},{"taxonomy":"product_tag","embeddable":true,"href":"https:\/\/rezekne.citro.lv\/ru\/wp-json\/wp\/v2\/product_tag?post=64153"}],"curies":[{"name":"wp","href":"https:\/\/api.w.org\/{rel}","templated":true}]}}