{"id":64156,"date":"2026-01-02T00:46:51","date_gmt":"2026-01-01T22:46:51","guid":{"rendered":"https:\/\/rezekne.citro.lv\/veikals\/siers-talsu-ritulis-mazais-kimenu-kg\/"},"modified":"2026-05-04T06:25:52","modified_gmt":"2026-05-04T03:25:52","slug":"siers-talsu-ritulis-mazais-kimenu-kg","status":"publish","type":"product","link":"https:\/\/rezekne.citro.lv\/ru\/product\/siers-talsu-ritulis-mazais-kimenu-kg\/","title":{"rendered":"SIERS TALSU RITULIS MAZAIS \u0136IME\u0145U KG"},"content":{"rendered":"<p>Izcelsmes valsts: Latvija<br \/>A\/S Talsu piensaimnieks.Sast:piens,ieraugs,ferments,s\u0101ls,cietin\u0101t\u0101js kalcijahlor\u012bds,kr\u0101sviela anato,gar\u0161v.mais.gar\u0161as pastiprin\u0101t\u0101js E621 bakter.raugs uzgl +2+6C<\/p>\n","protected":false},"excerpt":{"rendered":"<p>10.59 \u20ac\/KG<\/p>\n","protected":false},"featured_media":64304,"template":"","meta":{"_acf_changed":false,"inline_featured_image":false},"product_cat":[95,578],"product_tag":[],"acf":[],"aioseo_notices":[],"_links":{"self":[{"href":"https:\/\/rezekne.citro.lv\/ru\/wp-json\/wp\/v2\/product\/64156"}],"collection":[{"href":"https:\/\/rezekne.citro.lv\/ru\/wp-json\/wp\/v2\/product"}],"about":[{"href":"https:\/\/rezekne.citro.lv\/ru\/wp-json\/wp\/v2\/types\/product"}],"wp:featuredmedia":[{"embeddable":true,"href":"https:\/\/rezekne.citro.lv\/ru\/wp-json\/wp\/v2\/media\/64304"}],"wp:attachment":[{"href":"https:\/\/rezekne.citro.lv\/ru\/wp-json\/wp\/v2\/media?parent=64156"}],"wp:term":[{"taxonomy":"product_cat","embeddable":true,"href":"https:\/\/rezekne.citro.lv\/ru\/wp-json\/wp\/v2\/product_cat?post=64156"},{"taxonomy":"product_tag","embeddable":true,"href":"https:\/\/rezekne.citro.lv\/ru\/wp-json\/wp\/v2\/product_tag?post=64156"}],"curies":[{"name":"wp","href":"https:\/\/api.w.org\/{rel}","templated":true}]}}