{"id":64169,"date":"2026-03-26T00:02:15","date_gmt":"2026-03-25T22:02:15","guid":{"rendered":"https:\/\/rezekne.citro.lv\/veikals\/biezenis-rudolfs-darzeni-ar-risiem-un-vistas-galu-110g\/"},"modified":"2026-04-02T06:00:15","modified_gmt":"2026-04-02T03:00:15","slug":"biezenis-rudolfs-darzeni-ar-risiem-un-vistas-galu-110g","status":"publish","type":"product","link":"https:\/\/rezekne.citro.lv\/ru\/product\/biezenis-rudolfs-darzeni-ar-risiem-un-vistas-galu-110g\/","title":{"rendered":"BIEZENIS R\u016aDOLFS D\u0100RZE\u0145I AR R\u012aSIEM UN VISTAS GA\u013bU 110G"},"content":{"rendered":"<p>Izcelsmes valsts: Latvija<\/p>\n","protected":false},"excerpt":{"rendered":"<p>14.09 \u20ac\/KG<\/p>\n","protected":false},"featured_media":64307,"template":"","meta":{"_acf_changed":false,"inline_featured_image":false},"product_cat":[172,173],"product_tag":[],"acf":[],"aioseo_notices":[],"_links":{"self":[{"href":"https:\/\/rezekne.citro.lv\/ru\/wp-json\/wp\/v2\/product\/64169"}],"collection":[{"href":"https:\/\/rezekne.citro.lv\/ru\/wp-json\/wp\/v2\/product"}],"about":[{"href":"https:\/\/rezekne.citro.lv\/ru\/wp-json\/wp\/v2\/types\/product"}],"wp:featuredmedia":[{"embeddable":true,"href":"https:\/\/rezekne.citro.lv\/ru\/wp-json\/wp\/v2\/media\/64307"}],"wp:attachment":[{"href":"https:\/\/rezekne.citro.lv\/ru\/wp-json\/wp\/v2\/media?parent=64169"}],"wp:term":[{"taxonomy":"product_cat","embeddable":true,"href":"https:\/\/rezekne.citro.lv\/ru\/wp-json\/wp\/v2\/product_cat?post=64169"},{"taxonomy":"product_tag","embeddable":true,"href":"https:\/\/rezekne.citro.lv\/ru\/wp-json\/wp\/v2\/product_tag?post=64169"}],"curies":[{"name":"wp","href":"https:\/\/api.w.org\/{rel}","templated":true}]}}