{"id":64186,"date":"2026-04-01T00:02:10","date_gmt":"2026-03-31T21:02:10","guid":{"rendered":"https:\/\/rezekne.citro.lv\/veikals\/zemesrieksti-grauzdeti-saliti-alis-co-200g\/"},"modified":"2026-05-01T06:00:13","modified_gmt":"2026-05-01T03:00:13","slug":"zemesrieksti-grauzdeti-saliti-alis-co-200g","status":"publish","type":"product","link":"https:\/\/rezekne.citro.lv\/ru\/product\/zemesrieksti-grauzdeti-saliti-alis-co-200g\/","title":{"rendered":"ZEMESRIEKSTI GRAUZD\u0112TI S\u0100L\u012aTI ALIS CO 200G"},"content":{"rendered":"<p>Izcelsmes valsts: Valsts \u2013 nav zi\u0146u<\/p>\n","protected":false},"excerpt":{"rendered":"<p>7.95 \u20ac\/KG<\/p>\n","protected":false},"featured_media":30854,"template":"","meta":{"_acf_changed":false,"inline_featured_image":false},"product_cat":[125,202],"product_tag":[],"acf":[],"aioseo_notices":[],"_links":{"self":[{"href":"https:\/\/rezekne.citro.lv\/ru\/wp-json\/wp\/v2\/product\/64186"}],"collection":[{"href":"https:\/\/rezekne.citro.lv\/ru\/wp-json\/wp\/v2\/product"}],"about":[{"href":"https:\/\/rezekne.citro.lv\/ru\/wp-json\/wp\/v2\/types\/product"}],"wp:featuredmedia":[{"embeddable":true,"href":"https:\/\/rezekne.citro.lv\/ru\/wp-json\/wp\/v2\/media\/30854"}],"wp:attachment":[{"href":"https:\/\/rezekne.citro.lv\/ru\/wp-json\/wp\/v2\/media?parent=64186"}],"wp:term":[{"taxonomy":"product_cat","embeddable":true,"href":"https:\/\/rezekne.citro.lv\/ru\/wp-json\/wp\/v2\/product_cat?post=64186"},{"taxonomy":"product_tag","embeddable":true,"href":"https:\/\/rezekne.citro.lv\/ru\/wp-json\/wp\/v2\/product_tag?post=64186"}],"curies":[{"name":"wp","href":"https:\/\/api.w.org\/{rel}","templated":true}]}}