{"id":64195,"date":"2025-09-01T00:01:56","date_gmt":"2025-08-31T21:01:56","guid":{"rendered":"https:\/\/rezekne.citro.lv\/veikals\/velas-mazgajamas-kapsulas-ariel-mountain-spring-24gb\/"},"modified":"2025-09-01T00:02:00","modified_gmt":"2025-08-31T21:02:00","slug":"velas-mazgajamas-kapsulas-ariel-mountain-spring-24gb","status":"publish","type":"product","link":"https:\/\/rezekne.citro.lv\/ru\/product\/velas-mazgajamas-kapsulas-ariel-mountain-spring-24gb\/","title":{"rendered":"VE\u013bAS MAZG\u0100JAM\u0100S KAPSULAS ARIEL MOUNTAIN SPRING 24GB"},"content":{"rendered":"","protected":false},"excerpt":{"rendered":"<p>0.71 \u20ac\/GAB<\/p>\n","protected":false},"featured_media":64244,"template":"","meta":{"_acf_changed":false,"inline_featured_image":false},"product_cat":[131,184],"product_tag":[],"acf":[],"aioseo_notices":[],"_links":{"self":[{"href":"https:\/\/rezekne.citro.lv\/ru\/wp-json\/wp\/v2\/product\/64195"}],"collection":[{"href":"https:\/\/rezekne.citro.lv\/ru\/wp-json\/wp\/v2\/product"}],"about":[{"href":"https:\/\/rezekne.citro.lv\/ru\/wp-json\/wp\/v2\/types\/product"}],"wp:featuredmedia":[{"embeddable":true,"href":"https:\/\/rezekne.citro.lv\/ru\/wp-json\/wp\/v2\/media\/64244"}],"wp:attachment":[{"href":"https:\/\/rezekne.citro.lv\/ru\/wp-json\/wp\/v2\/media?parent=64195"}],"wp:term":[{"taxonomy":"product_cat","embeddable":true,"href":"https:\/\/rezekne.citro.lv\/ru\/wp-json\/wp\/v2\/product_cat?post=64195"},{"taxonomy":"product_tag","embeddable":true,"href":"https:\/\/rezekne.citro.lv\/ru\/wp-json\/wp\/v2\/product_tag?post=64195"}],"curies":[{"name":"wp","href":"https:\/\/api.w.org\/{rel}","templated":true}]}}