{"id":64436,"date":"2026-04-23T00:47:55","date_gmt":"2026-04-22T21:47:55","guid":{"rendered":"https:\/\/rezekne.citro.lv\/veikals\/tio-saldejums-sokolades-500ml\/"},"modified":"2026-05-04T06:25:07","modified_gmt":"2026-05-04T03:25:07","slug":"tio-saldejums-sokolades-500ml","status":"publish","type":"product","link":"https:\/\/rezekne.citro.lv\/ru\/product\/tio-saldejums-sokolades-500ml\/","title":{"rendered":"TIO SALD\u0112JUMS \u0160OKOL\u0100DES 500ML"},"content":{"rendered":"<p>Izcelsmes valsts: Latvija<\/p>\n","protected":false},"excerpt":{"rendered":"<p>2.90 \u20ac\/KG<\/p>\n","protected":false},"featured_media":64477,"template":"","meta":{"_acf_changed":false,"inline_featured_image":false},"product_cat":[233,234],"product_tag":[],"acf":[],"aioseo_notices":[],"_links":{"self":[{"href":"https:\/\/rezekne.citro.lv\/ru\/wp-json\/wp\/v2\/product\/64436"}],"collection":[{"href":"https:\/\/rezekne.citro.lv\/ru\/wp-json\/wp\/v2\/product"}],"about":[{"href":"https:\/\/rezekne.citro.lv\/ru\/wp-json\/wp\/v2\/types\/product"}],"wp:featuredmedia":[{"embeddable":true,"href":"https:\/\/rezekne.citro.lv\/ru\/wp-json\/wp\/v2\/media\/64477"}],"wp:attachment":[{"href":"https:\/\/rezekne.citro.lv\/ru\/wp-json\/wp\/v2\/media?parent=64436"}],"wp:term":[{"taxonomy":"product_cat","embeddable":true,"href":"https:\/\/rezekne.citro.lv\/ru\/wp-json\/wp\/v2\/product_cat?post=64436"},{"taxonomy":"product_tag","embeddable":true,"href":"https:\/\/rezekne.citro.lv\/ru\/wp-json\/wp\/v2\/product_tag?post=64436"}],"curies":[{"name":"wp","href":"https:\/\/api.w.org\/{rel}","templated":true}]}}