{"id":64494,"date":"2026-04-23T00:30:31","date_gmt":"2026-04-22T21:30:31","guid":{"rendered":"https:\/\/rezekne.citro.lv\/veikals\/zupa-podravka-liellopu-galas-ar-nudelem-65g-2\/"},"modified":"2026-05-05T06:02:23","modified_gmt":"2026-05-05T03:02:23","slug":"zupa-podravka-liellopu-galas-ar-nudelem-65g-2","status":"publish","type":"product","link":"https:\/\/rezekne.citro.lv\/ru\/product\/zupa-podravka-liellopu-galas-ar-nudelem-65g-2\/","title":{"rendered":"ZUPA PODRAVKA LIELLOPU GA\u013bAS AR N\u016aDEL\u0112M 65G"},"content":{"rendered":"<p>Izcelsmes valsts: Horv\u0101tija<\/p>\n","protected":false},"excerpt":{"rendered":"<p>10.00 \u20ac\/KG<\/p>\n","protected":false},"featured_media":58760,"template":"","meta":{"_acf_changed":false,"inline_featured_image":false},"product_cat":[111,138],"product_tag":[],"acf":[],"aioseo_notices":[],"_links":{"self":[{"href":"https:\/\/rezekne.citro.lv\/ru\/wp-json\/wp\/v2\/product\/64494"}],"collection":[{"href":"https:\/\/rezekne.citro.lv\/ru\/wp-json\/wp\/v2\/product"}],"about":[{"href":"https:\/\/rezekne.citro.lv\/ru\/wp-json\/wp\/v2\/types\/product"}],"wp:featuredmedia":[{"embeddable":true,"href":"https:\/\/rezekne.citro.lv\/ru\/wp-json\/wp\/v2\/media\/58760"}],"wp:attachment":[{"href":"https:\/\/rezekne.citro.lv\/ru\/wp-json\/wp\/v2\/media?parent=64494"}],"wp:term":[{"taxonomy":"product_cat","embeddable":true,"href":"https:\/\/rezekne.citro.lv\/ru\/wp-json\/wp\/v2\/product_cat?post=64494"},{"taxonomy":"product_tag","embeddable":true,"href":"https:\/\/rezekne.citro.lv\/ru\/wp-json\/wp\/v2\/product_tag?post=64494"}],"curies":[{"name":"wp","href":"https:\/\/api.w.org\/{rel}","templated":true}]}}