{"id":64589,"date":"2026-02-26T00:02:01","date_gmt":"2026-02-25T22:02:01","guid":{"rendered":"https:\/\/rezekne.citro.lv\/veikals\/bariba-konserveta-kakiem-ar-tela-galu-4x85g\/"},"modified":"2026-04-06T06:00:11","modified_gmt":"2026-04-06T03:00:11","slug":"bariba-konserveta-kakiem-ar-tela-galu-4x85g","status":"publish","type":"product","link":"https:\/\/rezekne.citro.lv\/ru\/product\/bariba-konserveta-kakiem-ar-tela-galu-4x85g\/","title":{"rendered":"BAR\u012aBA KONSERV\u0112TA  KA\u0136IEM AR TE\u013bA GA\u013bU 4X85G"},"content":{"rendered":"","protected":false},"excerpt":{"rendered":"<p>5.85 \u20ac\/KG<\/p>\n","protected":false},"featured_media":64648,"template":"","meta":{"_acf_changed":false,"inline_featured_image":false},"product_cat":[153,175],"product_tag":[],"acf":[],"aioseo_notices":[],"_links":{"self":[{"href":"https:\/\/rezekne.citro.lv\/ru\/wp-json\/wp\/v2\/product\/64589"}],"collection":[{"href":"https:\/\/rezekne.citro.lv\/ru\/wp-json\/wp\/v2\/product"}],"about":[{"href":"https:\/\/rezekne.citro.lv\/ru\/wp-json\/wp\/v2\/types\/product"}],"wp:featuredmedia":[{"embeddable":true,"href":"https:\/\/rezekne.citro.lv\/ru\/wp-json\/wp\/v2\/media\/64648"}],"wp:attachment":[{"href":"https:\/\/rezekne.citro.lv\/ru\/wp-json\/wp\/v2\/media?parent=64589"}],"wp:term":[{"taxonomy":"product_cat","embeddable":true,"href":"https:\/\/rezekne.citro.lv\/ru\/wp-json\/wp\/v2\/product_cat?post=64589"},{"taxonomy":"product_tag","embeddable":true,"href":"https:\/\/rezekne.citro.lv\/ru\/wp-json\/wp\/v2\/product_tag?post=64589"}],"curies":[{"name":"wp","href":"https:\/\/api.w.org\/{rel}","templated":true}]}}