{"id":64595,"date":"2026-04-23T00:02:15","date_gmt":"2026-04-22T21:02:15","guid":{"rendered":"https:\/\/rezekne.citro.lv\/veikals\/steiks-c-g-sinepju-medus-merce-karba-450g-rgk\/"},"modified":"2026-04-27T06:00:11","modified_gmt":"2026-04-27T03:00:11","slug":"steiks-c-g-sinepju-medus-merce-karba-450g-rgk","status":"publish","type":"product","link":"https:\/\/rezekne.citro.lv\/ru\/product\/steiks-c-g-sinepju-medus-merce-karba-450g-rgk\/","title":{"rendered":"STEIKS C\/G SINEPJU-MEDUS M\u0112RC\u0112 K\u0100RB\u0100 450G RGK"},"content":{"rendered":"<p>Izcelsmes valsts: Latvija<\/p>\n","protected":false},"excerpt":{"rendered":"<p>7.53 \u20ac\/KG<\/p>\n","protected":false},"featured_media":64656,"template":"","meta":{"_acf_changed":false,"inline_featured_image":false},"product_cat":[135,182],"product_tag":[],"acf":[],"aioseo_notices":[],"_links":{"self":[{"href":"https:\/\/rezekne.citro.lv\/ru\/wp-json\/wp\/v2\/product\/64595"}],"collection":[{"href":"https:\/\/rezekne.citro.lv\/ru\/wp-json\/wp\/v2\/product"}],"about":[{"href":"https:\/\/rezekne.citro.lv\/ru\/wp-json\/wp\/v2\/types\/product"}],"wp:featuredmedia":[{"embeddable":true,"href":"https:\/\/rezekne.citro.lv\/ru\/wp-json\/wp\/v2\/media\/64656"}],"wp:attachment":[{"href":"https:\/\/rezekne.citro.lv\/ru\/wp-json\/wp\/v2\/media?parent=64595"}],"wp:term":[{"taxonomy":"product_cat","embeddable":true,"href":"https:\/\/rezekne.citro.lv\/ru\/wp-json\/wp\/v2\/product_cat?post=64595"},{"taxonomy":"product_tag","embeddable":true,"href":"https:\/\/rezekne.citro.lv\/ru\/wp-json\/wp\/v2\/product_tag?post=64595"}],"curies":[{"name":"wp","href":"https:\/\/api.w.org\/{rel}","templated":true}]}}