{"id":64605,"date":"2026-02-26T00:05:07","date_gmt":"2026-02-25T22:05:07","guid":{"rendered":"https:\/\/rezekne.citro.lv\/veikals\/bariba-konserveta-kakiem-mix-4x85g\/"},"modified":"2026-03-08T06:04:44","modified_gmt":"2026-03-08T04:04:44","slug":"bariba-konserveta-kakiem-mix-4x85g","status":"publish","type":"product","link":"https:\/\/rezekne.citro.lv\/ru\/product\/bariba-konserveta-kakiem-mix-4x85g\/","title":{"rendered":"BAR\u012aBA KONSERV\u0112TA  KA\u0136IEM MIX 4X85G"},"content":{"rendered":"<p>Izcelsmes valsts: Lietuva<\/p>\n","protected":false},"excerpt":{"rendered":"<p>5.85 \u20ac\/KG<\/p>\n","protected":false},"featured_media":64640,"template":"","meta":{"_acf_changed":false,"inline_featured_image":false},"product_cat":[153,175],"product_tag":[],"acf":[],"aioseo_notices":[],"_links":{"self":[{"href":"https:\/\/rezekne.citro.lv\/ru\/wp-json\/wp\/v2\/product\/64605"}],"collection":[{"href":"https:\/\/rezekne.citro.lv\/ru\/wp-json\/wp\/v2\/product"}],"about":[{"href":"https:\/\/rezekne.citro.lv\/ru\/wp-json\/wp\/v2\/types\/product"}],"wp:featuredmedia":[{"embeddable":true,"href":"https:\/\/rezekne.citro.lv\/ru\/wp-json\/wp\/v2\/media\/64640"}],"wp:attachment":[{"href":"https:\/\/rezekne.citro.lv\/ru\/wp-json\/wp\/v2\/media?parent=64605"}],"wp:term":[{"taxonomy":"product_cat","embeddable":true,"href":"https:\/\/rezekne.citro.lv\/ru\/wp-json\/wp\/v2\/product_cat?post=64605"},{"taxonomy":"product_tag","embeddable":true,"href":"https:\/\/rezekne.citro.lv\/ru\/wp-json\/wp\/v2\/product_tag?post=64605"}],"curies":[{"name":"wp","href":"https:\/\/api.w.org\/{rel}","templated":true}]}}