{"id":64611,"date":"2024-08-27T11:06:17","date_gmt":"2024-08-27T08:06:17","guid":{"rendered":"https:\/\/rezekne.citro.lv\/veikals\/krutina-cukgalas-skeles-ar-garsvielam-un-majonezi-citro-sver\/"},"modified":"2025-01-30T09:26:35","modified_gmt":"2025-01-30T07:26:35","slug":"krutina-cukgalas-skeles-ar-garsvielam-un-majonezi-citro-sver","status":"publish","type":"product","link":"https:\/\/rezekne.citro.lv\/ru\/product\/krutina-cukgalas-skeles-ar-garsvielam-un-majonezi-citro-sver\/","title":{"rendered":"KR\u016aTI\u0145A C\u016aKGA\u013bAS \u0160\u0136\u0112L\u0112S AR GAR\u0160VIEL\u0100M UN MAJON\u0112ZI CITRO SVER."},"content":{"rendered":"<p>Izcelsmes valsts: Latvija<br \/>Sast\u0101vda\u013cas: Kr\u016bti\u0146a ar kaulu 90%(izcelsme ES), majon\u0113ze 8.5%((dzeramais \u016bdens, saulespu\u0137u e\u013c\u013ca, biezin\u0101t\u0101js (ciete), cukurs, galda s\u0101ls, emulgators(ciete),dabiskas izcelsmes stabilizatori(gu\u0101ra sve\u0137i, ksant\u0101na sve\u0137i), sk\u0101buma regul\u0113t\u0101ji (eti\u0137sk\u0101be, citronsk\u0101be), konservants, aromatiz\u0113t\u0101js SINEPES, dab\u012bg\u0101 kr\u0101sviela (B-karot\u012bns)): gar\u0161vielas 1.5%((p\u0101rtikas s\u0101ls , gar\u0161vielas(t.sk SELERIJA), saharoze,arom\u0101tvielas, gar\u0161vielas ekstrakti,  gar\u0161as pastiprin\u0101t\u0101js:E621 monon\u0101trija glutam\u0101ts )): Uzglab\u0101\u0161anas temperat\u016bra 0+4C  Inform\u0101cija par uzturv\u0113rt\u012bbu : 100 g produkta satur: ener\u0123\u0113tisk\u0101 v\u0113rt\u012bba 2018 kJ \/ 490kcal; tauki 50.3g, tostarp pies\u0101tin\u0101t\u0101s tauksk\u0101bes 17.6g; og\u013chidr\u0101ti 0.8g, tostarp cukuri 0.5g; \u0161\u0137iedrvielas 0g; olbaltumvielas 8.4g; s\u0101ls 1.1g. Ra\u017eot\u0101js: SIA Lekon, Varo\u0146u iela 36b, R\u0113zekne<\/p>\n","protected":false},"excerpt":{"rendered":"<p>7.69 \u20ac\/KG<\/p>\n","protected":false},"featured_media":64631,"template":"","meta":{"_acf_changed":false,"inline_featured_image":false},"product_cat":[135,182],"product_tag":[],"acf":[],"aioseo_notices":[],"_links":{"self":[{"href":"https:\/\/rezekne.citro.lv\/ru\/wp-json\/wp\/v2\/product\/64611"}],"collection":[{"href":"https:\/\/rezekne.citro.lv\/ru\/wp-json\/wp\/v2\/product"}],"about":[{"href":"https:\/\/rezekne.citro.lv\/ru\/wp-json\/wp\/v2\/types\/product"}],"wp:featuredmedia":[{"embeddable":true,"href":"https:\/\/rezekne.citro.lv\/ru\/wp-json\/wp\/v2\/media\/64631"}],"wp:attachment":[{"href":"https:\/\/rezekne.citro.lv\/ru\/wp-json\/wp\/v2\/media?parent=64611"}],"wp:term":[{"taxonomy":"product_cat","embeddable":true,"href":"https:\/\/rezekne.citro.lv\/ru\/wp-json\/wp\/v2\/product_cat?post=64611"},{"taxonomy":"product_tag","embeddable":true,"href":"https:\/\/rezekne.citro.lv\/ru\/wp-json\/wp\/v2\/product_tag?post=64611"}],"curies":[{"name":"wp","href":"https:\/\/api.w.org\/{rel}","templated":true}]}}