{"id":64744,"date":"2026-04-23T00:15:18","date_gmt":"2026-04-22T21:15:18","guid":{"rendered":"https:\/\/rezekne.citro.lv\/veikals\/saldejums-pols-sokolades-sokolades-glazura-uz-kocina-120ml-75g\/"},"modified":"2026-05-14T06:01:44","modified_gmt":"2026-05-14T03:01:44","slug":"saldejums-pols-sokolades-sokolades-glazura-uz-kocina-120ml-75g","status":"publish","type":"product","link":"https:\/\/rezekne.citro.lv\/ru\/product\/saldejums-pols-sokolades-sokolades-glazura-uz-kocina-120ml-75g\/","title":{"rendered":"SALD\u0112JUMS POLS \u0160OKOL\u0100DES \u0160OKOL\u0100DES GLAZ\u016aR\u0100 UZ KOCI\u0145A 120ML \/75G"},"content":{"rendered":"<p>Izcelsmes valsts: Latvija<\/p>\n","protected":false},"excerpt":{"rendered":"<p>15.87 \u20ac\/KG<\/p>\n","protected":false},"featured_media":64849,"template":"","meta":{"_acf_changed":false,"inline_featured_image":false},"product_cat":[233,234],"product_tag":[],"acf":[],"aioseo_notices":[],"_links":{"self":[{"href":"https:\/\/rezekne.citro.lv\/ru\/wp-json\/wp\/v2\/product\/64744"}],"collection":[{"href":"https:\/\/rezekne.citro.lv\/ru\/wp-json\/wp\/v2\/product"}],"about":[{"href":"https:\/\/rezekne.citro.lv\/ru\/wp-json\/wp\/v2\/types\/product"}],"wp:featuredmedia":[{"embeddable":true,"href":"https:\/\/rezekne.citro.lv\/ru\/wp-json\/wp\/v2\/media\/64849"}],"wp:attachment":[{"href":"https:\/\/rezekne.citro.lv\/ru\/wp-json\/wp\/v2\/media?parent=64744"}],"wp:term":[{"taxonomy":"product_cat","embeddable":true,"href":"https:\/\/rezekne.citro.lv\/ru\/wp-json\/wp\/v2\/product_cat?post=64744"},{"taxonomy":"product_tag","embeddable":true,"href":"https:\/\/rezekne.citro.lv\/ru\/wp-json\/wp\/v2\/product_tag?post=64744"}],"curies":[{"name":"wp","href":"https:\/\/api.w.org\/{rel}","templated":true}]}}