{"id":64746,"date":"2026-04-23T00:15:26","date_gmt":"2026-04-22T21:15:26","guid":{"rendered":"https:\/\/rezekne.citro.lv\/veikals\/silku-rolmopsi-marinade-bez-adas-480g-273g\/"},"modified":"2026-04-28T06:01:28","modified_gmt":"2026-04-28T03:01:28","slug":"silku-rolmopsi-marinade-bez-adas-480g-273g","status":"publish","type":"product","link":"https:\/\/rezekne.citro.lv\/ru\/product\/silku-rolmopsi-marinade-bez-adas-480g-273g\/","title":{"rendered":"SI\u013b\u0136U ROLMOP\u0160I MARIN\u0100D\u0112 BEZ \u0100DAS 480G\/273G"},"content":{"rendered":"<p>Izcelsmes valsts: Latvija<\/p>\n","protected":false},"excerpt":{"rendered":"<p>14.62 \u20ac\/KG<\/p>\n","protected":false},"featured_media":64850,"template":"","meta":{"_acf_changed":false,"inline_featured_image":false},"product_cat":[135,136],"product_tag":[],"acf":[],"aioseo_notices":[],"_links":{"self":[{"href":"https:\/\/rezekne.citro.lv\/ru\/wp-json\/wp\/v2\/product\/64746"}],"collection":[{"href":"https:\/\/rezekne.citro.lv\/ru\/wp-json\/wp\/v2\/product"}],"about":[{"href":"https:\/\/rezekne.citro.lv\/ru\/wp-json\/wp\/v2\/types\/product"}],"wp:featuredmedia":[{"embeddable":true,"href":"https:\/\/rezekne.citro.lv\/ru\/wp-json\/wp\/v2\/media\/64850"}],"wp:attachment":[{"href":"https:\/\/rezekne.citro.lv\/ru\/wp-json\/wp\/v2\/media?parent=64746"}],"wp:term":[{"taxonomy":"product_cat","embeddable":true,"href":"https:\/\/rezekne.citro.lv\/ru\/wp-json\/wp\/v2\/product_cat?post=64746"},{"taxonomy":"product_tag","embeddable":true,"href":"https:\/\/rezekne.citro.lv\/ru\/wp-json\/wp\/v2\/product_tag?post=64746"}],"curies":[{"name":"wp","href":"https:\/\/api.w.org\/{rel}","templated":true}]}}