{"id":64748,"date":"2026-04-09T00:05:19","date_gmt":"2026-04-08T21:05:19","guid":{"rendered":"https:\/\/rezekne.citro.lv\/veikals\/konservi-zivju-silku-fileja-ella-480g-312g-kaija\/"},"modified":"2026-04-14T06:03:02","modified_gmt":"2026-04-14T03:03:02","slug":"konservi-zivju-silku-fileja-ella-480g-312g-kaija","status":"publish","type":"product","link":"https:\/\/rezekne.citro.lv\/ru\/product\/konservi-zivju-silku-fileja-ella-480g-312g-kaija\/","title":{"rendered":"SI\u013b\u0136U FILEJAS E\u013b\u013b\u0100 480G\/312G KAIJA"},"content":{"rendered":"<p>Izcelsmes valsts: Latvija<\/p>\n","protected":false},"excerpt":{"rendered":"<p>10.22 \u20ac\/KG<\/p>\n","protected":false},"featured_media":64762,"template":"","meta":{"_acf_changed":false,"inline_featured_image":false},"product_cat":[135,136],"product_tag":[],"acf":[],"aioseo_notices":[],"_links":{"self":[{"href":"https:\/\/rezekne.citro.lv\/ru\/wp-json\/wp\/v2\/product\/64748"}],"collection":[{"href":"https:\/\/rezekne.citro.lv\/ru\/wp-json\/wp\/v2\/product"}],"about":[{"href":"https:\/\/rezekne.citro.lv\/ru\/wp-json\/wp\/v2\/types\/product"}],"wp:featuredmedia":[{"embeddable":true,"href":"https:\/\/rezekne.citro.lv\/ru\/wp-json\/wp\/v2\/media\/64762"}],"wp:attachment":[{"href":"https:\/\/rezekne.citro.lv\/ru\/wp-json\/wp\/v2\/media?parent=64748"}],"wp:term":[{"taxonomy":"product_cat","embeddable":true,"href":"https:\/\/rezekne.citro.lv\/ru\/wp-json\/wp\/v2\/product_cat?post=64748"},{"taxonomy":"product_tag","embeddable":true,"href":"https:\/\/rezekne.citro.lv\/ru\/wp-json\/wp\/v2\/product_tag?post=64748"}],"curies":[{"name":"wp","href":"https:\/\/api.w.org\/{rel}","templated":true}]}}