{"id":64787,"date":"2026-05-07T00:02:01","date_gmt":"2026-05-06T21:02:01","guid":{"rendered":"https:\/\/rezekne.citro.lv\/veikals\/zemesrieksti-jega-krauksiga-apvalka-ar-siera-un-sipolu-garsu-200g\/"},"modified":"2026-05-15T06:00:19","modified_gmt":"2026-05-15T03:00:19","slug":"zemesrieksti-jega-krauksiga-apvalka-ar-siera-un-sipolu-garsu-200g","status":"publish","type":"product","link":"https:\/\/rezekne.citro.lv\/ru\/product\/zemesrieksti-jega-krauksiga-apvalka-ar-siera-un-sipolu-garsu-200g\/","title":{"rendered":"ZEMESRIEKSTI JEGA KRAUK\u0160\u012aG\u0100 APVALK\u0100 AR SIERA UN S\u012aPOLU GAR\u0160U 200G"},"content":{"rendered":"<p>Izcelsmes valsts: Lietuva<\/p>\n","protected":false},"excerpt":{"rendered":"<p>7.45 \u20ac\/KG<\/p>\n","protected":false},"featured_media":64826,"template":"","meta":{"_acf_changed":false,"inline_featured_image":false},"product_cat":[125,202],"product_tag":[],"acf":[],"aioseo_notices":[],"_links":{"self":[{"href":"https:\/\/rezekne.citro.lv\/ru\/wp-json\/wp\/v2\/product\/64787"}],"collection":[{"href":"https:\/\/rezekne.citro.lv\/ru\/wp-json\/wp\/v2\/product"}],"about":[{"href":"https:\/\/rezekne.citro.lv\/ru\/wp-json\/wp\/v2\/types\/product"}],"wp:featuredmedia":[{"embeddable":true,"href":"https:\/\/rezekne.citro.lv\/ru\/wp-json\/wp\/v2\/media\/64826"}],"wp:attachment":[{"href":"https:\/\/rezekne.citro.lv\/ru\/wp-json\/wp\/v2\/media?parent=64787"}],"wp:term":[{"taxonomy":"product_cat","embeddable":true,"href":"https:\/\/rezekne.citro.lv\/ru\/wp-json\/wp\/v2\/product_cat?post=64787"},{"taxonomy":"product_tag","embeddable":true,"href":"https:\/\/rezekne.citro.lv\/ru\/wp-json\/wp\/v2\/product_tag?post=64787"}],"curies":[{"name":"wp","href":"https:\/\/api.w.org\/{rel}","templated":true}]}}