{"id":64795,"date":"2026-03-26T00:02:58","date_gmt":"2026-03-25T22:02:58","guid":{"rendered":"https:\/\/rezekne.citro.lv\/veikals\/zemesrieksti-jega-kraukskiga-apvalka-ar-grila-garsu-200g\/"},"modified":"2026-04-03T06:00:22","modified_gmt":"2026-04-03T03:00:22","slug":"zemesrieksti-jega-kraukskiga-apvalka-ar-grila-garsu-200g","status":"publish","type":"product","link":"https:\/\/rezekne.citro.lv\/ru\/product\/zemesrieksti-jega-kraukskiga-apvalka-ar-grila-garsu-200g\/","title":{"rendered":"ZEMESRIEKSTI JEGA KRAUK\u0160\u0136\u012aG\u0100 APVALK\u0100 AR GRILA GAR\u0160U 200G"},"content":{"rendered":"<p>Izcelsmes valsts: Lietuva<\/p>\n","protected":false},"excerpt":{"rendered":"<p>7.45 \u20ac\/KG<\/p>\n","protected":false},"featured_media":64818,"template":"","meta":{"_acf_changed":false,"inline_featured_image":false},"product_cat":[125,202],"product_tag":[],"acf":[],"aioseo_notices":[],"_links":{"self":[{"href":"https:\/\/rezekne.citro.lv\/ru\/wp-json\/wp\/v2\/product\/64795"}],"collection":[{"href":"https:\/\/rezekne.citro.lv\/ru\/wp-json\/wp\/v2\/product"}],"about":[{"href":"https:\/\/rezekne.citro.lv\/ru\/wp-json\/wp\/v2\/types\/product"}],"wp:featuredmedia":[{"embeddable":true,"href":"https:\/\/rezekne.citro.lv\/ru\/wp-json\/wp\/v2\/media\/64818"}],"wp:attachment":[{"href":"https:\/\/rezekne.citro.lv\/ru\/wp-json\/wp\/v2\/media?parent=64795"}],"wp:term":[{"taxonomy":"product_cat","embeddable":true,"href":"https:\/\/rezekne.citro.lv\/ru\/wp-json\/wp\/v2\/product_cat?post=64795"},{"taxonomy":"product_tag","embeddable":true,"href":"https:\/\/rezekne.citro.lv\/ru\/wp-json\/wp\/v2\/product_tag?post=64795"}],"curies":[{"name":"wp","href":"https:\/\/api.w.org\/{rel}","templated":true}]}}