{"id":64804,"date":"2026-05-07T00:06:05","date_gmt":"2026-05-06T21:06:05","guid":{"rendered":"https:\/\/rezekne.citro.lv\/veikals\/zemesrieskti-jega-kraukskiga-apvalka-ar-sipolu-garsu-200g\/"},"modified":"2026-05-10T06:04:50","modified_gmt":"2026-05-10T03:04:50","slug":"zemesrieskti-jega-kraukskiga-apvalka-ar-sipolu-garsu-200g","status":"publish","type":"product","link":"https:\/\/rezekne.citro.lv\/ru\/product\/zemesrieskti-jega-kraukskiga-apvalka-ar-sipolu-garsu-200g\/","title":{"rendered":"ZEMESRIESKTI JEGA KRAUK\u0160\u0136\u012aG\u0100 APVALK\u0100 AR S\u012aPOLU GAR\u0160U 200G"},"content":{"rendered":"<p>Izcelsmes valsts: Lietuva<\/p>\n","protected":false},"excerpt":{"rendered":"<p>7.45 \u20ac\/KG<\/p>\n","protected":false},"featured_media":64857,"template":"","meta":{"_acf_changed":false,"inline_featured_image":false},"product_cat":[125,202],"product_tag":[],"acf":[],"aioseo_notices":[],"_links":{"self":[{"href":"https:\/\/rezekne.citro.lv\/ru\/wp-json\/wp\/v2\/product\/64804"}],"collection":[{"href":"https:\/\/rezekne.citro.lv\/ru\/wp-json\/wp\/v2\/product"}],"about":[{"href":"https:\/\/rezekne.citro.lv\/ru\/wp-json\/wp\/v2\/types\/product"}],"wp:featuredmedia":[{"embeddable":true,"href":"https:\/\/rezekne.citro.lv\/ru\/wp-json\/wp\/v2\/media\/64857"}],"wp:attachment":[{"href":"https:\/\/rezekne.citro.lv\/ru\/wp-json\/wp\/v2\/media?parent=64804"}],"wp:term":[{"taxonomy":"product_cat","embeddable":true,"href":"https:\/\/rezekne.citro.lv\/ru\/wp-json\/wp\/v2\/product_cat?post=64804"},{"taxonomy":"product_tag","embeddable":true,"href":"https:\/\/rezekne.citro.lv\/ru\/wp-json\/wp\/v2\/product_tag?post=64804"}],"curies":[{"name":"wp","href":"https:\/\/api.w.org\/{rel}","templated":true}]}}