{"id":64924,"date":"2026-04-23T00:02:37","date_gmt":"2026-04-22T21:02:37","guid":{"rendered":"https:\/\/rezekne.citro.lv\/veikals\/siera-nams-alpu-siers-skelites-150g\/"},"modified":"2026-04-23T00:02:37","modified_gmt":"2026-04-22T21:02:37","slug":"siera-nams-alpu-siers-skelites-150g","status":"publish","type":"product","link":"https:\/\/rezekne.citro.lv\/ru\/product\/siera-nams-alpu-siers-skelites-150g\/","title":{"rendered":"SIERA NAMS ALPU SIERS \u0160\u0136\u0112L\u012aTES 150G"},"content":{"rendered":"<p>Izcelsmes valsts: Latvija<\/p>\n","protected":false},"excerpt":{"rendered":"<p>15.93 \u20ac\/KG<\/p>\n","protected":false},"featured_media":8493,"template":"","meta":{"_acf_changed":false,"inline_featured_image":false},"product_cat":[95,224],"product_tag":[],"acf":[],"aioseo_notices":[],"_links":{"self":[{"href":"https:\/\/rezekne.citro.lv\/ru\/wp-json\/wp\/v2\/product\/64924"}],"collection":[{"href":"https:\/\/rezekne.citro.lv\/ru\/wp-json\/wp\/v2\/product"}],"about":[{"href":"https:\/\/rezekne.citro.lv\/ru\/wp-json\/wp\/v2\/types\/product"}],"wp:featuredmedia":[{"embeddable":true,"href":"https:\/\/rezekne.citro.lv\/ru\/wp-json\/wp\/v2\/media\/8493"}],"wp:attachment":[{"href":"https:\/\/rezekne.citro.lv\/ru\/wp-json\/wp\/v2\/media?parent=64924"}],"wp:term":[{"taxonomy":"product_cat","embeddable":true,"href":"https:\/\/rezekne.citro.lv\/ru\/wp-json\/wp\/v2\/product_cat?post=64924"},{"taxonomy":"product_tag","embeddable":true,"href":"https:\/\/rezekne.citro.lv\/ru\/wp-json\/wp\/v2\/product_tag?post=64924"}],"curies":[{"name":"wp","href":"https:\/\/api.w.org\/{rel}","templated":true}]}}