{"id":65067,"date":"2026-04-09T00:04:34","date_gmt":"2026-04-08T21:04:34","guid":{"rendered":"https:\/\/rezekne.citro.lv\/veikals\/rujienas-saldejums-lukss-plombira-125ml-75g\/"},"modified":"2026-05-06T06:02:46","modified_gmt":"2026-05-06T03:02:46","slug":"rujienas-saldejums-lukss-plombira-125ml-75g","status":"publish","type":"product","link":"https:\/\/rezekne.citro.lv\/ru\/product\/rujienas-saldejums-lukss-plombira-125ml-75g\/","title":{"rendered":"R\u016aJIENAS SALD\u0112JUMS LUKSS PLOMB\u012aRA 125ML\/75G"},"content":{"rendered":"<p>Izcelsmes valsts: Latvija<\/p>\n","protected":false},"excerpt":{"rendered":"<p>11.33 \u20ac\/KG<\/p>\n","protected":false},"featured_media":65094,"template":"","meta":{"_acf_changed":false,"inline_featured_image":false},"product_cat":[233,234],"product_tag":[],"acf":[],"aioseo_notices":[],"_links":{"self":[{"href":"https:\/\/rezekne.citro.lv\/ru\/wp-json\/wp\/v2\/product\/65067"}],"collection":[{"href":"https:\/\/rezekne.citro.lv\/ru\/wp-json\/wp\/v2\/product"}],"about":[{"href":"https:\/\/rezekne.citro.lv\/ru\/wp-json\/wp\/v2\/types\/product"}],"wp:featuredmedia":[{"embeddable":true,"href":"https:\/\/rezekne.citro.lv\/ru\/wp-json\/wp\/v2\/media\/65094"}],"wp:attachment":[{"href":"https:\/\/rezekne.citro.lv\/ru\/wp-json\/wp\/v2\/media?parent=65067"}],"wp:term":[{"taxonomy":"product_cat","embeddable":true,"href":"https:\/\/rezekne.citro.lv\/ru\/wp-json\/wp\/v2\/product_cat?post=65067"},{"taxonomy":"product_tag","embeddable":true,"href":"https:\/\/rezekne.citro.lv\/ru\/wp-json\/wp\/v2\/product_tag?post=65067"}],"curies":[{"name":"wp","href":"https:\/\/api.w.org\/{rel}","templated":true}]}}