{"id":65069,"date":"2026-03-26T00:18:22","date_gmt":"2026-03-25T22:18:22","guid":{"rendered":"https:\/\/rezekne.citro.lv\/veikals\/rujienas-saldejums-lukss-ar-rozinem-125ml-75g\/"},"modified":"2026-04-06T06:01:57","modified_gmt":"2026-04-06T03:01:57","slug":"rujienas-saldejums-lukss-ar-rozinem-125ml-75g","status":"publish","type":"product","link":"https:\/\/rezekne.citro.lv\/ru\/product\/rujienas-saldejums-lukss-ar-rozinem-125ml-75g\/","title":{"rendered":"R\u016aJIENAS SALD\u0112JUMS LUKSS AR ROZ\u012aN\u0112M 125ML\/75G"},"content":{"rendered":"<p>Izcelsmes valsts: Latvija<\/p>\n","protected":false},"excerpt":{"rendered":"<p>7.87 \u20ac\/KG<\/p>\n","protected":false},"featured_media":65092,"template":"","meta":{"_acf_changed":false,"inline_featured_image":false},"product_cat":[233,234],"product_tag":[],"acf":[],"aioseo_notices":[],"_links":{"self":[{"href":"https:\/\/rezekne.citro.lv\/ru\/wp-json\/wp\/v2\/product\/65069"}],"collection":[{"href":"https:\/\/rezekne.citro.lv\/ru\/wp-json\/wp\/v2\/product"}],"about":[{"href":"https:\/\/rezekne.citro.lv\/ru\/wp-json\/wp\/v2\/types\/product"}],"wp:featuredmedia":[{"embeddable":true,"href":"https:\/\/rezekne.citro.lv\/ru\/wp-json\/wp\/v2\/media\/65092"}],"wp:attachment":[{"href":"https:\/\/rezekne.citro.lv\/ru\/wp-json\/wp\/v2\/media?parent=65069"}],"wp:term":[{"taxonomy":"product_cat","embeddable":true,"href":"https:\/\/rezekne.citro.lv\/ru\/wp-json\/wp\/v2\/product_cat?post=65069"},{"taxonomy":"product_tag","embeddable":true,"href":"https:\/\/rezekne.citro.lv\/ru\/wp-json\/wp\/v2\/product_tag?post=65069"}],"curies":[{"name":"wp","href":"https:\/\/api.w.org\/{rel}","templated":true}]}}