{"id":65073,"date":"2026-01-02T00:18:03","date_gmt":"2026-01-01T22:18:03","guid":{"rendered":"https:\/\/rezekne.citro.lv\/veikals\/dzeriens-mangali-vitafruit-mango-viegli-gaz-1-5l\/"},"modified":"2026-04-06T06:02:19","modified_gmt":"2026-04-06T03:02:19","slug":"dzeriens-mangali-vitafruit-mango-viegli-gaz-1-5l","status":"publish","type":"product","link":"https:\/\/rezekne.citro.lv\/ru\/product\/dzeriens-mangali-vitafruit-mango-viegli-gaz-1-5l\/","title":{"rendered":"DZ\u0112RIENS MANGA\u013bI VITAFRUIT MANGO VIEGLI G\u0100Z.1.5L"},"content":{"rendered":"<p>Izcelsmes valsts: Latvija<\/p>\n","protected":false},"excerpt":{"rendered":"<p>0.99 \u20ac\/L<\/p>\n","protected":false},"featured_media":65088,"template":"","meta":{"_acf_changed":false,"inline_featured_image":false},"product_cat":[106,107,186],"product_tag":[],"acf":[],"aioseo_notices":[],"_links":{"self":[{"href":"https:\/\/rezekne.citro.lv\/ru\/wp-json\/wp\/v2\/product\/65073"}],"collection":[{"href":"https:\/\/rezekne.citro.lv\/ru\/wp-json\/wp\/v2\/product"}],"about":[{"href":"https:\/\/rezekne.citro.lv\/ru\/wp-json\/wp\/v2\/types\/product"}],"wp:featuredmedia":[{"embeddable":true,"href":"https:\/\/rezekne.citro.lv\/ru\/wp-json\/wp\/v2\/media\/65088"}],"wp:attachment":[{"href":"https:\/\/rezekne.citro.lv\/ru\/wp-json\/wp\/v2\/media?parent=65073"}],"wp:term":[{"taxonomy":"product_cat","embeddable":true,"href":"https:\/\/rezekne.citro.lv\/ru\/wp-json\/wp\/v2\/product_cat?post=65073"},{"taxonomy":"product_tag","embeddable":true,"href":"https:\/\/rezekne.citro.lv\/ru\/wp-json\/wp\/v2\/product_tag?post=65073"}],"curies":[{"name":"wp","href":"https:\/\/api.w.org\/{rel}","templated":true}]}}