{"id":65074,"date":"2026-04-23T00:30:46","date_gmt":"2026-04-22T21:30:46","guid":{"rendered":"https:\/\/rezekne.citro.lv\/veikals\/malta-cukgalas-masa-350g-kgs\/"},"modified":"2026-04-23T00:30:51","modified_gmt":"2026-04-22T21:30:51","slug":"malta-cukgalas-masa-350g-kgs","status":"publish","type":"product","link":"https:\/\/rezekne.citro.lv\/ru\/product\/malta-cukgalas-masa-350g-kgs\/","title":{"rendered":"MALT\u0100 C\u016aKGA\u013bAS MASA 350G KGS"},"content":{"rendered":"<p>Izcelsmes valsts: Latvija<\/p>\n","protected":false},"excerpt":{"rendered":"<p>4.83 \u20ac\/KG<\/p>\n","protected":false},"featured_media":65087,"template":"","meta":{"_acf_changed":false,"inline_featured_image":false},"product_cat":[135,190],"product_tag":[],"acf":[],"aioseo_notices":[],"_links":{"self":[{"href":"https:\/\/rezekne.citro.lv\/ru\/wp-json\/wp\/v2\/product\/65074"}],"collection":[{"href":"https:\/\/rezekne.citro.lv\/ru\/wp-json\/wp\/v2\/product"}],"about":[{"href":"https:\/\/rezekne.citro.lv\/ru\/wp-json\/wp\/v2\/types\/product"}],"wp:featuredmedia":[{"embeddable":true,"href":"https:\/\/rezekne.citro.lv\/ru\/wp-json\/wp\/v2\/media\/65087"}],"wp:attachment":[{"href":"https:\/\/rezekne.citro.lv\/ru\/wp-json\/wp\/v2\/media?parent=65074"}],"wp:term":[{"taxonomy":"product_cat","embeddable":true,"href":"https:\/\/rezekne.citro.lv\/ru\/wp-json\/wp\/v2\/product_cat?post=65074"},{"taxonomy":"product_tag","embeddable":true,"href":"https:\/\/rezekne.citro.lv\/ru\/wp-json\/wp\/v2\/product_tag?post=65074"}],"curies":[{"name":"wp","href":"https:\/\/api.w.org\/{rel}","templated":true}]}}