{"id":65108,"date":"2026-05-07T00:03:49","date_gmt":"2026-05-06T21:03:49","guid":{"rendered":"https:\/\/rezekne.citro.lv\/veikals\/sok-taf-tumsa-ar-veseliem-lazdu-riekstiem-pergale-85g\/"},"modified":"2026-05-12T10:46:37","modified_gmt":"2026-05-12T07:46:37","slug":"sok-taf-tumsa-ar-veseliem-lazdu-riekstiem-pergale-85g","status":"publish","type":"product","link":"https:\/\/rezekne.citro.lv\/ru\/product\/sok-taf-tumsa-ar-veseliem-lazdu-riekstiem-pergale-85g\/","title":{"rendered":"\u0160OK.T\u0100F. TUM\u0160\u0100 AR VESELIEM LAZDU RIEKSTIEM PERGALE 85G"},"content":{"rendered":"<p>Izcelsmes valsts: Lietuva<\/p>\n","protected":false},"excerpt":{"rendered":"<p>18.71 \u20ac\/KG<\/p>\n","protected":false},"featured_media":65129,"template":"","meta":{"_acf_changed":false,"inline_featured_image":false},"product_cat":[125,134],"product_tag":[],"acf":[],"aioseo_notices":[],"_links":{"self":[{"href":"https:\/\/rezekne.citro.lv\/ru\/wp-json\/wp\/v2\/product\/65108"}],"collection":[{"href":"https:\/\/rezekne.citro.lv\/ru\/wp-json\/wp\/v2\/product"}],"about":[{"href":"https:\/\/rezekne.citro.lv\/ru\/wp-json\/wp\/v2\/types\/product"}],"wp:featuredmedia":[{"embeddable":true,"href":"https:\/\/rezekne.citro.lv\/ru\/wp-json\/wp\/v2\/media\/65129"}],"wp:attachment":[{"href":"https:\/\/rezekne.citro.lv\/ru\/wp-json\/wp\/v2\/media?parent=65108"}],"wp:term":[{"taxonomy":"product_cat","embeddable":true,"href":"https:\/\/rezekne.citro.lv\/ru\/wp-json\/wp\/v2\/product_cat?post=65108"},{"taxonomy":"product_tag","embeddable":true,"href":"https:\/\/rezekne.citro.lv\/ru\/wp-json\/wp\/v2\/product_tag?post=65108"}],"curies":[{"name":"wp","href":"https:\/\/api.w.org\/{rel}","templated":true}]}}