{"id":65109,"date":"2026-03-26T00:18:22","date_gmt":"2026-03-25T22:18:22","guid":{"rendered":"https:\/\/rezekne.citro.lv\/veikals\/sok-taf-tumsa-ar-dzervenem-pergale-85g\/"},"modified":"2026-04-08T09:02:24","modified_gmt":"2026-04-08T06:02:24","slug":"sok-taf-tumsa-ar-dzervenem-pergale-85g","status":"publish","type":"product","link":"https:\/\/rezekne.citro.lv\/ru\/product\/sok-taf-tumsa-ar-dzervenem-pergale-85g\/","title":{"rendered":"\u0160OK.T\u0100F. TUM\u0160\u0100 AR DZ\u0112RVEN\u0112M PERGALE 85G"},"content":{"rendered":"<p>Izcelsmes valsts: Lietuva<\/p>\n","protected":false},"excerpt":{"rendered":"<p>30.47 \u20ac\/KG<\/p>\n","protected":false},"featured_media":65128,"template":"","meta":{"_acf_changed":false,"inline_featured_image":false},"product_cat":[125,134],"product_tag":[],"acf":[],"aioseo_notices":[],"_links":{"self":[{"href":"https:\/\/rezekne.citro.lv\/ru\/wp-json\/wp\/v2\/product\/65109"}],"collection":[{"href":"https:\/\/rezekne.citro.lv\/ru\/wp-json\/wp\/v2\/product"}],"about":[{"href":"https:\/\/rezekne.citro.lv\/ru\/wp-json\/wp\/v2\/types\/product"}],"wp:featuredmedia":[{"embeddable":true,"href":"https:\/\/rezekne.citro.lv\/ru\/wp-json\/wp\/v2\/media\/65128"}],"wp:attachment":[{"href":"https:\/\/rezekne.citro.lv\/ru\/wp-json\/wp\/v2\/media?parent=65109"}],"wp:term":[{"taxonomy":"product_cat","embeddable":true,"href":"https:\/\/rezekne.citro.lv\/ru\/wp-json\/wp\/v2\/product_cat?post=65109"},{"taxonomy":"product_tag","embeddable":true,"href":"https:\/\/rezekne.citro.lv\/ru\/wp-json\/wp\/v2\/product_tag?post=65109"}],"curies":[{"name":"wp","href":"https:\/\/api.w.org\/{rel}","templated":true}]}}