{"id":65110,"date":"2026-04-23T00:18:52","date_gmt":"2026-04-22T21:18:52","guid":{"rendered":"https:\/\/rezekne.citro.lv\/veikals\/bietes-varitas-rivetas-marinade-350g\/"},"modified":"2026-04-23T00:18:59","modified_gmt":"2026-04-22T21:18:59","slug":"bietes-varitas-rivetas-marinade-350g","status":"publish","type":"product","link":"https:\/\/rezekne.citro.lv\/ru\/product\/bietes-varitas-rivetas-marinade-350g\/","title":{"rendered":"BIETES V\u0100R\u012aTAS, R\u012aV\u0112TAS MARIN\u0100D\u0112 350G"},"content":{"rendered":"<p>Izcelsmes valsts: Latvija<\/p>\n","protected":false},"excerpt":{"rendered":"<p>1.97 \u20ac\/KG<\/p>\n","protected":false},"featured_media":65139,"template":"","meta":{"_acf_changed":false,"inline_featured_image":false},"product_cat":[97,159],"product_tag":[],"acf":[],"aioseo_notices":[],"_links":{"self":[{"href":"https:\/\/rezekne.citro.lv\/ru\/wp-json\/wp\/v2\/product\/65110"}],"collection":[{"href":"https:\/\/rezekne.citro.lv\/ru\/wp-json\/wp\/v2\/product"}],"about":[{"href":"https:\/\/rezekne.citro.lv\/ru\/wp-json\/wp\/v2\/types\/product"}],"wp:featuredmedia":[{"embeddable":true,"href":"https:\/\/rezekne.citro.lv\/ru\/wp-json\/wp\/v2\/media\/65139"}],"wp:attachment":[{"href":"https:\/\/rezekne.citro.lv\/ru\/wp-json\/wp\/v2\/media?parent=65110"}],"wp:term":[{"taxonomy":"product_cat","embeddable":true,"href":"https:\/\/rezekne.citro.lv\/ru\/wp-json\/wp\/v2\/product_cat?post=65110"},{"taxonomy":"product_tag","embeddable":true,"href":"https:\/\/rezekne.citro.lv\/ru\/wp-json\/wp\/v2\/product_tag?post=65110"}],"curies":[{"name":"wp","href":"https:\/\/api.w.org\/{rel}","templated":true}]}}