{"id":65118,"date":"2026-04-23T00:45:57","date_gmt":"2026-04-22T21:45:57","guid":{"rendered":"https:\/\/rezekne.citro.lv\/veikals\/sok-taf-tumsa-72-pergale-85g\/"},"modified":"2026-05-13T12:00:33","modified_gmt":"2026-05-13T09:00:33","slug":"sok-taf-tumsa-72-pergale-85g","status":"publish","type":"product","link":"https:\/\/rezekne.citro.lv\/ru\/product\/sok-taf-tumsa-72-pergale-85g\/","title":{"rendered":"\u0160OK.T\u0100F. TUM\u0160\u0100 72% PERGALE 85G"},"content":{"rendered":"<p>Izcelsmes valsts: Lietuva<\/p>\n","protected":false},"excerpt":{"rendered":"<p>18.71 \u20ac\/KG<\/p>\n","protected":false},"featured_media":65125,"template":"","meta":{"_acf_changed":false,"inline_featured_image":false},"product_cat":[125,134],"product_tag":[],"acf":[],"aioseo_notices":[],"_links":{"self":[{"href":"https:\/\/rezekne.citro.lv\/ru\/wp-json\/wp\/v2\/product\/65118"}],"collection":[{"href":"https:\/\/rezekne.citro.lv\/ru\/wp-json\/wp\/v2\/product"}],"about":[{"href":"https:\/\/rezekne.citro.lv\/ru\/wp-json\/wp\/v2\/types\/product"}],"wp:featuredmedia":[{"embeddable":true,"href":"https:\/\/rezekne.citro.lv\/ru\/wp-json\/wp\/v2\/media\/65125"}],"wp:attachment":[{"href":"https:\/\/rezekne.citro.lv\/ru\/wp-json\/wp\/v2\/media?parent=65118"}],"wp:term":[{"taxonomy":"product_cat","embeddable":true,"href":"https:\/\/rezekne.citro.lv\/ru\/wp-json\/wp\/v2\/product_cat?post=65118"},{"taxonomy":"product_tag","embeddable":true,"href":"https:\/\/rezekne.citro.lv\/ru\/wp-json\/wp\/v2\/product_tag?post=65118"}],"curies":[{"name":"wp","href":"https:\/\/api.w.org\/{rel}","templated":true}]}}