{"id":65308,"date":"2026-03-27T00:01:56","date_gmt":"2026-03-26T22:01:56","guid":{"rendered":"https:\/\/rezekne.citro.lv\/veikals\/kart-biezenis-a-p-ar-vistas-galas-garsu-trauka-40g\/"},"modified":"2026-05-01T06:01:46","modified_gmt":"2026-05-01T03:01:46","slug":"kart-biezenis-a-p-ar-vistas-galas-garsu-trauka-40g","status":"publish","type":"product","link":"https:\/\/rezekne.citro.lv\/ru\/product\/kart-biezenis-a-p-ar-vistas-galas-garsu-trauka-40g\/","title":{"rendered":"KART.BIEZENIS \u0100\/P AR VISTAS GA\u013bAS GAR\u0160U TRAUK\u0100 40G"},"content":{"rendered":"<p>Izcelsmes valsts: Ukraina<\/p>\n","protected":false},"excerpt":{"rendered":"<p>24.75 \u20ac\/KG<\/p>\n","protected":false},"featured_media":65312,"template":"","meta":{"_acf_changed":false,"inline_featured_image":false},"product_cat":[111,211],"product_tag":[],"acf":[],"aioseo_notices":[],"_links":{"self":[{"href":"https:\/\/rezekne.citro.lv\/ru\/wp-json\/wp\/v2\/product\/65308"}],"collection":[{"href":"https:\/\/rezekne.citro.lv\/ru\/wp-json\/wp\/v2\/product"}],"about":[{"href":"https:\/\/rezekne.citro.lv\/ru\/wp-json\/wp\/v2\/types\/product"}],"wp:featuredmedia":[{"embeddable":true,"href":"https:\/\/rezekne.citro.lv\/ru\/wp-json\/wp\/v2\/media\/65312"}],"wp:attachment":[{"href":"https:\/\/rezekne.citro.lv\/ru\/wp-json\/wp\/v2\/media?parent=65308"}],"wp:term":[{"taxonomy":"product_cat","embeddable":true,"href":"https:\/\/rezekne.citro.lv\/ru\/wp-json\/wp\/v2\/product_cat?post=65308"},{"taxonomy":"product_tag","embeddable":true,"href":"https:\/\/rezekne.citro.lv\/ru\/wp-json\/wp\/v2\/product_tag?post=65308"}],"curies":[{"name":"wp","href":"https:\/\/api.w.org\/{rel}","templated":true}]}}