{"id":65311,"date":"2026-03-27T00:02:16","date_gmt":"2026-03-26T22:02:16","guid":{"rendered":"https:\/\/rezekne.citro.lv\/veikals\/kart-biezenis-a-p-ar-krejuma-garsu-trauka-40g\/"},"modified":"2026-04-30T06:02:48","modified_gmt":"2026-04-30T03:02:48","slug":"kart-biezenis-a-p-ar-krejuma-garsu-trauka-40g","status":"publish","type":"product","link":"https:\/\/rezekne.citro.lv\/ru\/product\/kart-biezenis-a-p-ar-krejuma-garsu-trauka-40g\/","title":{"rendered":"KART.BIEZENIS \u0100\/P AR KR\u0112JUMA GAR\u0160U TRAUK\u0100 40G"},"content":{"rendered":"<p>Izcelsmes valsts: Ukraina<\/p>\n","protected":false},"excerpt":{"rendered":"<p>24.75 \u20ac\/KG<\/p>\n","protected":false},"featured_media":65691,"template":"","meta":{"_acf_changed":false,"inline_featured_image":false},"product_cat":[111,211],"product_tag":[],"acf":[],"aioseo_notices":[],"_links":{"self":[{"href":"https:\/\/rezekne.citro.lv\/ru\/wp-json\/wp\/v2\/product\/65311"}],"collection":[{"href":"https:\/\/rezekne.citro.lv\/ru\/wp-json\/wp\/v2\/product"}],"about":[{"href":"https:\/\/rezekne.citro.lv\/ru\/wp-json\/wp\/v2\/types\/product"}],"wp:featuredmedia":[{"embeddable":true,"href":"https:\/\/rezekne.citro.lv\/ru\/wp-json\/wp\/v2\/media\/65691"}],"wp:attachment":[{"href":"https:\/\/rezekne.citro.lv\/ru\/wp-json\/wp\/v2\/media?parent=65311"}],"wp:term":[{"taxonomy":"product_cat","embeddable":true,"href":"https:\/\/rezekne.citro.lv\/ru\/wp-json\/wp\/v2\/product_cat?post=65311"},{"taxonomy":"product_tag","embeddable":true,"href":"https:\/\/rezekne.citro.lv\/ru\/wp-json\/wp\/v2\/product_tag?post=65311"}],"curies":[{"name":"wp","href":"https:\/\/api.w.org\/{rel}","templated":true}]}}