{"id":65348,"date":"2026-03-26T00:18:30","date_gmt":"2026-03-25T22:18:30","guid":{"rendered":"https:\/\/rezekne.citro.lv\/veikals\/bekona-skeles-aukstu-kupinatas-105g\/"},"modified":"2026-03-27T09:02:14","modified_gmt":"2026-03-27T07:02:14","slug":"bekona-skeles-aukstu-kupinatas-105g","status":"publish","type":"product","link":"https:\/\/rezekne.citro.lv\/ru\/product\/bekona-skeles-aukstu-kupinatas-105g\/","title":{"rendered":"BEKONA \u0160\u0136\u0112LES AUKSTU K\u016aPIN\u0100TAS 105G"},"content":{"rendered":"<p>Izcelsmes valsts: Igaunija<\/p>\n","protected":false},"excerpt":{"rendered":"<p>18.57 \u20ac\/KG<\/p>\n","protected":false},"featured_media":65757,"template":"","meta":{"_acf_changed":false,"inline_featured_image":false},"product_cat":[135,174],"product_tag":[],"acf":[],"aioseo_notices":[],"_links":{"self":[{"href":"https:\/\/rezekne.citro.lv\/ru\/wp-json\/wp\/v2\/product\/65348"}],"collection":[{"href":"https:\/\/rezekne.citro.lv\/ru\/wp-json\/wp\/v2\/product"}],"about":[{"href":"https:\/\/rezekne.citro.lv\/ru\/wp-json\/wp\/v2\/types\/product"}],"wp:featuredmedia":[{"embeddable":true,"href":"https:\/\/rezekne.citro.lv\/ru\/wp-json\/wp\/v2\/media\/65757"}],"wp:attachment":[{"href":"https:\/\/rezekne.citro.lv\/ru\/wp-json\/wp\/v2\/media?parent=65348"}],"wp:term":[{"taxonomy":"product_cat","embeddable":true,"href":"https:\/\/rezekne.citro.lv\/ru\/wp-json\/wp\/v2\/product_cat?post=65348"},{"taxonomy":"product_tag","embeddable":true,"href":"https:\/\/rezekne.citro.lv\/ru\/wp-json\/wp\/v2\/product_tag?post=65348"}],"curies":[{"name":"wp","href":"https:\/\/api.w.org\/{rel}","templated":true}]}}