{"id":65356,"date":"2026-05-07T00:04:21","date_gmt":"2026-05-06T21:04:21","guid":{"rendered":"https:\/\/rezekne.citro.lv\/veikals\/doktordesa-varita-viegli-kupinata-ar-liellopu-galu-550g\/"},"modified":"2026-05-13T09:00:11","modified_gmt":"2026-05-13T06:00:11","slug":"doktordesa-varita-viegli-kupinata-ar-liellopu-galu-550g","status":"publish","type":"product","link":"https:\/\/rezekne.citro.lv\/ru\/product\/doktordesa-varita-viegli-kupinata-ar-liellopu-galu-550g\/","title":{"rendered":"DOKTORDESA V\u0100R\u012aTA VIEGLI K\u016aPIN\u0100TA  AR LIELLOPU GA\u013bU 550G"},"content":{"rendered":"<p>Izcelsmes valsts: Lietuva<\/p>\n","protected":false},"excerpt":{"rendered":"<p>5.25 \u20ac\/KG<\/p>\n","protected":false},"featured_media":66687,"template":"","meta":{"_acf_changed":false,"inline_featured_image":false},"product_cat":[135,144],"product_tag":[],"acf":[],"aioseo_notices":[],"_links":{"self":[{"href":"https:\/\/rezekne.citro.lv\/ru\/wp-json\/wp\/v2\/product\/65356"}],"collection":[{"href":"https:\/\/rezekne.citro.lv\/ru\/wp-json\/wp\/v2\/product"}],"about":[{"href":"https:\/\/rezekne.citro.lv\/ru\/wp-json\/wp\/v2\/types\/product"}],"wp:featuredmedia":[{"embeddable":true,"href":"https:\/\/rezekne.citro.lv\/ru\/wp-json\/wp\/v2\/media\/66687"}],"wp:attachment":[{"href":"https:\/\/rezekne.citro.lv\/ru\/wp-json\/wp\/v2\/media?parent=65356"}],"wp:term":[{"taxonomy":"product_cat","embeddable":true,"href":"https:\/\/rezekne.citro.lv\/ru\/wp-json\/wp\/v2\/product_cat?post=65356"},{"taxonomy":"product_tag","embeddable":true,"href":"https:\/\/rezekne.citro.lv\/ru\/wp-json\/wp\/v2\/product_tag?post=65356"}],"curies":[{"name":"wp","href":"https:\/\/api.w.org\/{rel}","templated":true}]}}