{"id":65367,"date":"2026-04-23T00:19:07","date_gmt":"2026-04-22T21:19:07","guid":{"rendered":"https:\/\/rezekne.citro.lv\/veikals\/itlv-olivas-zalas-ar-sieru-met-314ml\/"},"modified":"2026-04-23T00:19:08","modified_gmt":"2026-04-22T21:19:08","slug":"itlv-olivas-zalas-ar-sieru-met-314ml","status":"publish","type":"product","link":"https:\/\/rezekne.citro.lv\/ru\/product\/itlv-olivas-zalas-ar-sieru-met-314ml\/","title":{"rendered":"ITLV OL\u012aVAS ZA\u013b\u0100S AR SIERU MET. 314ML"},"content":{"rendered":"<p>Izcelsmes valsts: Sp\u0101nija<\/p>\n","protected":false},"excerpt":{"rendered":"<p>7.61 \u20ac\/KG<\/p>\n","protected":false},"featured_media":65737,"template":"","meta":{"_acf_changed":false,"inline_featured_image":false},"product_cat":[103,137],"product_tag":[],"acf":[],"aioseo_notices":[],"_links":{"self":[{"href":"https:\/\/rezekne.citro.lv\/ru\/wp-json\/wp\/v2\/product\/65367"}],"collection":[{"href":"https:\/\/rezekne.citro.lv\/ru\/wp-json\/wp\/v2\/product"}],"about":[{"href":"https:\/\/rezekne.citro.lv\/ru\/wp-json\/wp\/v2\/types\/product"}],"wp:featuredmedia":[{"embeddable":true,"href":"https:\/\/rezekne.citro.lv\/ru\/wp-json\/wp\/v2\/media\/65737"}],"wp:attachment":[{"href":"https:\/\/rezekne.citro.lv\/ru\/wp-json\/wp\/v2\/media?parent=65367"}],"wp:term":[{"taxonomy":"product_cat","embeddable":true,"href":"https:\/\/rezekne.citro.lv\/ru\/wp-json\/wp\/v2\/product_cat?post=65367"},{"taxonomy":"product_tag","embeddable":true,"href":"https:\/\/rezekne.citro.lv\/ru\/wp-json\/wp\/v2\/product_tag?post=65367"}],"curies":[{"name":"wp","href":"https:\/\/api.w.org\/{rel}","templated":true}]}}