{"id":65371,"date":"2026-02-26T00:17:02","date_gmt":"2026-02-25T22:17:02","guid":{"rendered":"https:\/\/rezekne.citro.lv\/veikals\/olivas-zalas-itlv-ar-ansoviem-300g\/"},"modified":"2026-04-05T06:02:24","modified_gmt":"2026-04-05T03:02:24","slug":"olivas-zalas-itlv-ar-ansoviem-300g","status":"publish","type":"product","link":"https:\/\/rezekne.citro.lv\/ru\/product\/olivas-zalas-itlv-ar-ansoviem-300g\/","title":{"rendered":"OL\u012aVAS ZA\u013b\u0100S ITLV AR AN\u0160OVIEM 300G"},"content":{"rendered":"<p>Izcelsmes valsts: Sp\u0101nija<\/p>\n","protected":false},"excerpt":{"rendered":"<p>7.97 \u20ac\/KG<\/p>\n","protected":false},"featured_media":65746,"template":"","meta":{"_acf_changed":false,"inline_featured_image":false},"product_cat":[103,137],"product_tag":[],"acf":[],"aioseo_notices":[],"_links":{"self":[{"href":"https:\/\/rezekne.citro.lv\/ru\/wp-json\/wp\/v2\/product\/65371"}],"collection":[{"href":"https:\/\/rezekne.citro.lv\/ru\/wp-json\/wp\/v2\/product"}],"about":[{"href":"https:\/\/rezekne.citro.lv\/ru\/wp-json\/wp\/v2\/types\/product"}],"wp:featuredmedia":[{"embeddable":true,"href":"https:\/\/rezekne.citro.lv\/ru\/wp-json\/wp\/v2\/media\/65746"}],"wp:attachment":[{"href":"https:\/\/rezekne.citro.lv\/ru\/wp-json\/wp\/v2\/media?parent=65371"}],"wp:term":[{"taxonomy":"product_cat","embeddable":true,"href":"https:\/\/rezekne.citro.lv\/ru\/wp-json\/wp\/v2\/product_cat?post=65371"},{"taxonomy":"product_tag","embeddable":true,"href":"https:\/\/rezekne.citro.lv\/ru\/wp-json\/wp\/v2\/product_tag?post=65371"}],"curies":[{"name":"wp","href":"https:\/\/api.w.org\/{rel}","templated":true}]}}