{"id":65387,"date":"2026-04-23T00:06:14","date_gmt":"2026-04-22T21:06:14","guid":{"rendered":"https:\/\/rezekne.citro.lv\/veikals\/olivas-zalas-itlv-ar-garnelem-300g\/"},"modified":"2026-04-23T00:06:16","modified_gmt":"2026-04-22T21:06:16","slug":"olivas-zalas-itlv-ar-garnelem-300g","status":"publish","type":"product","link":"https:\/\/rezekne.citro.lv\/ru\/product\/olivas-zalas-itlv-ar-garnelem-300g\/","title":{"rendered":"OL\u012aVAS ZA\u013b\u0100S ITLV AR GARNEL\u0112M 300G"},"content":{"rendered":"","protected":false},"excerpt":{"rendered":"<p>7.97 \u20ac\/KG<\/p>\n","protected":false},"featured_media":65695,"template":"","meta":{"_acf_changed":false,"inline_featured_image":false},"product_cat":[103,137],"product_tag":[],"acf":[],"aioseo_notices":[],"_links":{"self":[{"href":"https:\/\/rezekne.citro.lv\/ru\/wp-json\/wp\/v2\/product\/65387"}],"collection":[{"href":"https:\/\/rezekne.citro.lv\/ru\/wp-json\/wp\/v2\/product"}],"about":[{"href":"https:\/\/rezekne.citro.lv\/ru\/wp-json\/wp\/v2\/types\/product"}],"wp:featuredmedia":[{"embeddable":true,"href":"https:\/\/rezekne.citro.lv\/ru\/wp-json\/wp\/v2\/media\/65695"}],"wp:attachment":[{"href":"https:\/\/rezekne.citro.lv\/ru\/wp-json\/wp\/v2\/media?parent=65387"}],"wp:term":[{"taxonomy":"product_cat","embeddable":true,"href":"https:\/\/rezekne.citro.lv\/ru\/wp-json\/wp\/v2\/product_cat?post=65387"},{"taxonomy":"product_tag","embeddable":true,"href":"https:\/\/rezekne.citro.lv\/ru\/wp-json\/wp\/v2\/product_tag?post=65387"}],"curies":[{"name":"wp","href":"https:\/\/api.w.org\/{rel}","templated":true}]}}