{"id":65391,"date":"2026-03-26T00:31:46","date_gmt":"2026-03-25T22:31:46","guid":{"rendered":"https:\/\/rezekne.citro.lv\/veikals\/sokolades-tafele-roshen-lacmi-piena-sokol-black-white-and-carm-100g\/"},"modified":"2026-04-04T06:04:02","modified_gmt":"2026-04-04T03:04:02","slug":"sokolades-tafele-roshen-lacmi-piena-sokol-black-white-and-carm-100g","status":"publish","type":"product","link":"https:\/\/rezekne.citro.lv\/ru\/product\/sokolades-tafele-roshen-lacmi-piena-sokol-black-white-and-carm-100g\/","title":{"rendered":"\u0160OKOL\u0100DES T\u0100FELE ROSHEN LACMI PIENA \u0160OKOL. BLACK WHITE AND CARM. 100G"},"content":{"rendered":"<p>Izcelsmes valsts: Ukraina<\/p>\n","protected":false},"excerpt":{"rendered":"<p>13.90 \u20ac\/KG<\/p>\n","protected":false},"featured_media":66236,"template":"","meta":{"_acf_changed":false,"inline_featured_image":false},"product_cat":[125,134],"product_tag":[],"acf":[],"aioseo_notices":[],"_links":{"self":[{"href":"https:\/\/rezekne.citro.lv\/ru\/wp-json\/wp\/v2\/product\/65391"}],"collection":[{"href":"https:\/\/rezekne.citro.lv\/ru\/wp-json\/wp\/v2\/product"}],"about":[{"href":"https:\/\/rezekne.citro.lv\/ru\/wp-json\/wp\/v2\/types\/product"}],"wp:featuredmedia":[{"embeddable":true,"href":"https:\/\/rezekne.citro.lv\/ru\/wp-json\/wp\/v2\/media\/66236"}],"wp:attachment":[{"href":"https:\/\/rezekne.citro.lv\/ru\/wp-json\/wp\/v2\/media?parent=65391"}],"wp:term":[{"taxonomy":"product_cat","embeddable":true,"href":"https:\/\/rezekne.citro.lv\/ru\/wp-json\/wp\/v2\/product_cat?post=65391"},{"taxonomy":"product_tag","embeddable":true,"href":"https:\/\/rezekne.citro.lv\/ru\/wp-json\/wp\/v2\/product_tag?post=65391"}],"curies":[{"name":"wp","href":"https:\/\/api.w.org\/{rel}","templated":true}]}}