{"id":65392,"date":"2026-02-06T00:02:11","date_gmt":"2026-02-05T22:02:11","guid":{"rendered":"https:\/\/rezekne.citro.lv\/veikals\/nudeles-a-p-reeva-ar-aso-vistas-galas-garsu-paka-60g\/"},"modified":"2026-04-06T06:02:47","modified_gmt":"2026-04-06T03:02:47","slug":"nudeles-a-p-reeva-ar-aso-vistas-galas-garsu-paka-60g","status":"publish","type":"product","link":"https:\/\/rezekne.citro.lv\/ru\/product\/nudeles-a-p-reeva-ar-aso-vistas-galas-garsu-paka-60g\/","title":{"rendered":"N\u016aDELES \u0100\/P REEVA AR ASO VISTAS GA\u013bAS GAR\u0160U PAK\u0100 60G"},"content":{"rendered":"<p>Izcelsmes valsts: Ukraina<\/p>\n","protected":false},"excerpt":{"rendered":"<p>8.17 \u20ac\/KG<\/p>\n","protected":false},"featured_media":66684,"template":"","meta":{"_acf_changed":false,"inline_featured_image":false},"product_cat":[111,138],"product_tag":[],"acf":[],"aioseo_notices":[],"_links":{"self":[{"href":"https:\/\/rezekne.citro.lv\/ru\/wp-json\/wp\/v2\/product\/65392"}],"collection":[{"href":"https:\/\/rezekne.citro.lv\/ru\/wp-json\/wp\/v2\/product"}],"about":[{"href":"https:\/\/rezekne.citro.lv\/ru\/wp-json\/wp\/v2\/types\/product"}],"wp:featuredmedia":[{"embeddable":true,"href":"https:\/\/rezekne.citro.lv\/ru\/wp-json\/wp\/v2\/media\/66684"}],"wp:attachment":[{"href":"https:\/\/rezekne.citro.lv\/ru\/wp-json\/wp\/v2\/media?parent=65392"}],"wp:term":[{"taxonomy":"product_cat","embeddable":true,"href":"https:\/\/rezekne.citro.lv\/ru\/wp-json\/wp\/v2\/product_cat?post=65392"},{"taxonomy":"product_tag","embeddable":true,"href":"https:\/\/rezekne.citro.lv\/ru\/wp-json\/wp\/v2\/product_tag?post=65392"}],"curies":[{"name":"wp","href":"https:\/\/api.w.org\/{rel}","templated":true}]}}