{"id":65644,"date":"2026-04-23T00:31:09","date_gmt":"2026-04-22T21:31:09","guid":{"rendered":"https:\/\/rezekne.citro.lv\/veikals\/kekss-ar-vanilas-garsu-400g-lm\/"},"modified":"2026-04-23T00:31:11","modified_gmt":"2026-04-22T21:31:11","slug":"kekss-ar-vanilas-garsu-400g-lm","status":"publish","type":"product","link":"https:\/\/rezekne.citro.lv\/ru\/product\/kekss-ar-vanilas-garsu-400g-lm\/","title":{"rendered":"K\u0112KSS AR VANI\u013bAS GAR\u0160U 400G LM"},"content":{"rendered":"<p>Izcelsmes valsts: V\u0101cija<\/p>\n","protected":false},"excerpt":{"rendered":"<p>8.23 \u20ac\/KG<\/p>\n","protected":false},"featured_media":65762,"template":"","meta":{"_acf_changed":false,"inline_featured_image":false},"product_cat":[109,110],"product_tag":[],"acf":[],"aioseo_notices":[],"_links":{"self":[{"href":"https:\/\/rezekne.citro.lv\/ru\/wp-json\/wp\/v2\/product\/65644"}],"collection":[{"href":"https:\/\/rezekne.citro.lv\/ru\/wp-json\/wp\/v2\/product"}],"about":[{"href":"https:\/\/rezekne.citro.lv\/ru\/wp-json\/wp\/v2\/types\/product"}],"wp:featuredmedia":[{"embeddable":true,"href":"https:\/\/rezekne.citro.lv\/ru\/wp-json\/wp\/v2\/media\/65762"}],"wp:attachment":[{"href":"https:\/\/rezekne.citro.lv\/ru\/wp-json\/wp\/v2\/media?parent=65644"}],"wp:term":[{"taxonomy":"product_cat","embeddable":true,"href":"https:\/\/rezekne.citro.lv\/ru\/wp-json\/wp\/v2\/product_cat?post=65644"},{"taxonomy":"product_tag","embeddable":true,"href":"https:\/\/rezekne.citro.lv\/ru\/wp-json\/wp\/v2\/product_tag?post=65644"}],"curies":[{"name":"wp","href":"https:\/\/api.w.org\/{rel}","templated":true}]}}