{"id":65651,"date":"2026-03-12T08:15:11","date_gmt":"2026-03-12T06:15:11","guid":{"rendered":"https:\/\/rezekne.citro.lv\/veikals\/melisu-salati-ar-sampinjoniem-citro-300g\/"},"modified":"2026-03-12T08:15:16","modified_gmt":"2026-03-12T06:15:16","slug":"melisu-salati-ar-sampinjoniem-citro-300g","status":"publish","type":"product","link":"https:\/\/rezekne.citro.lv\/ru\/product\/melisu-salati-ar-sampinjoniem-citro-300g\/","title":{"rendered":"M\u0112L\u012a\u0160U SAL\u0100TI AR \u0160AMPINJONIEM CITRO 300G"},"content":{"rendered":"<p>Izcelsmes valsts: Latvija<br \/>Satur saldin\u0101t\u0101ju.Sast\u0101vda\u013cas: c\u016bku m\u0113le v\u0101r\u012bta25%(c\u016bku m\u0113le, s\u0101ls, gar\u0161vielas): majon\u0113ze ((saulespu\u0137u e\u013c\u013ca , dzeramais \u016bdens,cukurs,  OLU dzeltenums, v\u0101r\u0101m\u0101 s\u0101ls,emulgators(ciete), sk\u0101buma regul\u0113t\u0101ji (eti\u0137sk\u0101be, citronsk\u0101be),dabiskas izcelsmes stabilizatori(ksant\u0101na sve\u0137i), konservants (k\u0101lija sorb\u0101ts), aromatiz\u0113t\u0101js SINEPES, antioksidants(E385), dabig\u0101 kr\u0101sviela (B- karot\u012bns)): kartupe\u013ci: gur\u0137i svaigi : gur\u0137i marin\u0113ti ar saldin\u0101t\u0101ju  (gur\u0137i, \u016bdens,  eti\u0137is, s\u0101ls, gar\u0161vielu ekstrakts satur SINEPES,  saldin\u0101t\u0101js sahar\u012bnsE954): \u0161ampinjoni marin\u0113ti 10%((\u0161ampinjoni , \u016bdens,v\u012bna eti\u0137is, cukurs, s\u0101ls, sk\u0101buma regul\u0113t\u0101js-citronsk\u0101be,gar\u0161vielas(satur SINEPES).Var satur\u0113t  SO2)): s\u0101ls.Uzglab\u0101\u0161anas temperat\u016bra,+2-+6C Inform\u0101cija par uzturv\u0113rt\u012bbu. 100 g produkta satur: ener\u0123\u0113tisk\u0101 v\u0113rt\u012bba 825 kJ \/ 199kcal; tauki 17.4g, tostarp pies\u0101tin\u0101t\u0101s tauksk\u0101bes 2.7g; og\u013chidr\u0101ti 5.6g, tostarp cukuri 1.3g; \u0161\u0137iedrvielas 0.8g; olbaltumvielas 4.7g; s\u0101ls 0.6g.<\/p>\n","protected":false},"excerpt":{"rendered":"<p>7.63 \u20ac\/KG<\/p>\n","protected":false},"featured_media":59967,"template":"","meta":{"_acf_changed":false,"inline_featured_image":false},"product_cat":[113,212],"product_tag":[],"acf":[],"aioseo_notices":[],"_links":{"self":[{"href":"https:\/\/rezekne.citro.lv\/ru\/wp-json\/wp\/v2\/product\/65651"}],"collection":[{"href":"https:\/\/rezekne.citro.lv\/ru\/wp-json\/wp\/v2\/product"}],"about":[{"href":"https:\/\/rezekne.citro.lv\/ru\/wp-json\/wp\/v2\/types\/product"}],"wp:featuredmedia":[{"embeddable":true,"href":"https:\/\/rezekne.citro.lv\/ru\/wp-json\/wp\/v2\/media\/59967"}],"wp:attachment":[{"href":"https:\/\/rezekne.citro.lv\/ru\/wp-json\/wp\/v2\/media?parent=65651"}],"wp:term":[{"taxonomy":"product_cat","embeddable":true,"href":"https:\/\/rezekne.citro.lv\/ru\/wp-json\/wp\/v2\/product_cat?post=65651"},{"taxonomy":"product_tag","embeddable":true,"href":"https:\/\/rezekne.citro.lv\/ru\/wp-json\/wp\/v2\/product_tag?post=65651"}],"curies":[{"name":"wp","href":"https:\/\/api.w.org\/{rel}","templated":true}]}}